{"id":3241,"date":"2019-08-28T06:55:27","date_gmt":"2019-08-28T06:55:27","guid":{"rendered":"https:\/\/gobutchers.com\/?page_id=3241"},"modified":"2019-08-28T13:33:46","modified_gmt":"2019-08-28T13:33:46","slug":"trang-chu","status":"publish","type":"page","link":"https:\/\/gobutchers.com\/vi\/","title":{"rendered":"Trang ch\u1ee7"},"content":{"rendered":"[vc_row type=&#8221;full_width_background&#8221; full_screen_row_position=&#8221;middle&#8221; scene_position=&#8221;center&#8221; text_color=&#8221;dark&#8221; text_align=&#8221;left&#8221; top_padding=&#8221;0&#8243; bottom_padding=&#8221;0&#8243; overlay_strength=&#8221;0.3&#8243; shape_divider_position=&#8221;bottom&#8221; bg_image_animation=&#8221;none&#8221; shape_type=&#8221;&#8221;][vc_column column_padding=&#8221;no-extra-padding&#8221; column_padding_position=&#8221;all&#8221; background_color_opacity=&#8221;1&#8243; background_hover_color_opacity=&#8221;1&#8243; column_link_target=&#8221;_self&#8221; column_shadow=&#8221;none&#8221; column_border_radius=&#8221;none&#8221; width=&#8221;1\/1&#8243; tablet_width_inherit=&#8221;default&#8221; tablet_text_alignment=&#8221;default&#8221; phone_text_alignment=&#8221;default&#8221; column_border_width=&#8221;none&#8221; column_border_style=&#8221;solid&#8221; bg_image_animation=&#8221;none&#8221;]<div data-midnight=\"nectar-slider\" class=\"parallax_slider_outer \" style=\"min-height: 250px; height: calc( 725 * 100vw \/ 1600 );\"><div  data-transition=\"slide\" data-overall_style=\"classic\" data-flexible-height=\"true\" data-animate-in-effect=\"slide-down\" data-fullscreen=\"false\" data-button-sizing=\"regular\" data-button-styling=\"btn_with_count\" data-autorotate=\"\" data-parallax=\"true\" data-parallax-disable-mobile=\"\" data-caption-trans=\"fade_in_from_bottom\" data-parallax-style=\"bg_only\" data-bg-animation=\"none\" data-full-width=\"true\" class=\"nectar-slider-wrap \" id=\"ns-id-69df3d0fe46bb\" style=\"min-height: 250px; height: calc( 725 * 100vw \/ 1600 );\"><div class=\"swiper-container\" style=\"min-height: 250px; height: calc( 725 * 100vw \/ 1600 );\"  data-tho=\"auto\" data-tco=\"auto\" data-pho=\"auto\" data-pco=\"auto\" data-loop=\"true\" data-height=\"725\" data-min-height=\"250\" data-arrows=\"true\" data-bullets=\"true\" data-bullet_style=\"see_through\" data-bullet_position=\"bottom\" data-desktop-swipe=\"true\" data-settings=\"\"> <div class=\"swiper-wrapper\"><div class=\"swiper-slide\" data-desktop-content-width=\"auto\" data-tablet-content-width=\"auto\" data-bg-alignment=\"center\" data-color-scheme=\"light\" data-x-pos=\"left\" data-y-pos=\"middle\" style=\"min-height: 250px; height: calc( 725 * 100vw \/ 1600 );\"> \n\t\t\t\t\t\t\t\t<div class=\"slide-bg-wrap\"><div class=\"image-bg\" style=\"background-image: url(https:\/\/gobutchers.com\/wp-content\/uploads\/gobutchers.com_cuts_201903.jpg);\"> &nbsp; <\/div><\/div><div class=\"video-texture \"> <span class=\"ie-fix\"><\/span> <\/div><\/div> <!--\/swiper-slide--><div class=\"swiper-slide\" data-desktop-content-width=\"auto\" data-tablet-content-width=\"auto\" data-bg-alignment=\"center\" data-color-scheme=\"light\" data-x-pos=\"left\" data-y-pos=\"middle\" style=\"min-height: 250px; height: calc( 725 * 100vw \/ 1600 );\"> \n\t\t\t\t\t\t\t\t<div class=\"slide-bg-wrap\"><div class=\"image-bg\" style=\"background-image: url(https:\/\/gobutchers.com\/wp-content\/uploads\/gobutchers.com_44909168984_c513312e13_b_201907.jpg);\"> &nbsp; <\/div><\/div><div class=\"video-texture \"> <span class=\"ie-fix\"><\/span> <\/div><\/div> <!--\/swiper-slide--><div class=\"swiper-slide\" data-desktop-content-width=\"auto\" data-tablet-content-width=\"auto\" data-bg-alignment=\"center\" data-color-scheme=\"light\" data-x-pos=\"left\" data-y-pos=\"middle\" style=\"min-height: 250px; height: calc( 725 * 100vw \/ 1600 );\"> \n\t\t\t\t\t\t\t\t<div class=\"slide-bg-wrap\"><div class=\"image-bg\" style=\"background-image: url(https:\/\/gobutchers.com\/wp-content\/uploads\/gobutchers.com_boaz-yahav-1399425-unsplash_201903.jpg);\"> &nbsp; <\/div><\/div><div class=\"video-texture \"> <span class=\"ie-fix\"><\/span> <\/div><\/div> <!--\/swiper-slide--><div class=\"swiper-slide\" data-desktop-content-width=\"auto\" data-tablet-content-width=\"auto\" data-bg-alignment=\"center\" data-color-scheme=\"light\" data-x-pos=\"left\" data-y-pos=\"middle\" style=\"min-height: 250px; height: calc( 725 * 100vw \/ 1600 );\"> \n\t\t\t\t\t\t\t\t<div class=\"slide-bg-wrap\"><div class=\"image-bg\" style=\"background-image: url(https:\/\/gobutchers.com\/wp-content\/uploads\/gobutchers.com_Image-by-eKokki-from-Pixabay_201904.jpg);\"> &nbsp; <\/div><\/div><div class=\"video-texture \"> <span class=\"ie-fix\"><\/span> <\/div><\/div> <!--\/swiper-slide--><\/div><a href=\"\" class=\"slider-prev\"><i class=\"icon-salient-left-arrow\"><\/i> <div class=\"slide-count\"> <span class=\"slide-current\">1<\/span> <i class=\"icon-salient-right-line\"><\/i> <span class=\"slide-total\"><\/span> <\/div> <\/a>\n\t\t\t\t     \t\t<a href=\"\" class=\"slider-next\"><i class=\"icon-salient-right-arrow\"><\/i> <div class=\"slide-count\"> <span class=\"slide-current\">1<\/span> <i class=\"icon-salient-right-line\"><\/i> <span class=\"slide-total\"><\/span> <\/div> <\/a><div class=\"container normal-container slider-pagination-wrap\"><div class=\"slider-pagination\"><\/div><\/div><div class=\"nectar-slider-loading \"> <span class=\"loading-icon none\">   <\/span> <\/div> <\/div> \n\t\t\t\t\n\t\t\t<\/div><\/div>[\/vc_column][\/vc_row][full_width_section background_color=&#8221;#282828&#8243; text_color=&#8221;light&#8221; top_padding=&#8221;60&#8243; bottom_padding=&#8221;40&#8243;][vc_column column_padding=&#8221;no-extra-padding&#8221; column_padding_position=&#8221;all&#8221; background_color_opacity=&#8221;1&#8243; background_hover_color_opacity=&#8221;1&#8243; column_link_target=&#8221;_self&#8221; column_shadow=&#8221;none&#8221; column_border_radius=&#8221;none&#8221; width=&#8221;1\/1&#8243; tablet_width_inherit=&#8221;default&#8221; tablet_text_alignment=&#8221;default&#8221; phone_text_alignment=&#8221;default&#8221; column_border_width=&#8221;none&#8221; column_border_style=&#8221;solid&#8221; bg_image_animation=&#8221;none&#8221;][vc_custom_heading text=&#8221;Welcome to Go Butchers&#8221; font_container=&#8221;tag:p|font_size:40pt|text_align:center|color:%23e2e2e2|line_height:50px&#8221; google_fonts=&#8221;font_family:Montserrat%3Aregular%2C700|font_style:700%20bold%20regular%3A700%3Anormal&#8221; css=&#8221;.vc_custom_1566975501378{margin-bottom: -30px !important;}&#8221;][vc_row_inner column_margin=&#8221;default&#8221; text_align=&#8221;center&#8221;][vc_column_inner column_padding=&#8221;no-extra-padding&#8221; column_padding_position=&#8221;all&#8221; background_color_opacity=&#8221;1&#8243; background_hover_color_opacity=&#8221;1&#8243; column_shadow=&#8221;none&#8221; column_border_radius=&#8221;none&#8221; column_link_target=&#8221;_self&#8221; width=&#8221;1\/3&#8243; tablet_width_inherit=&#8221;default&#8221; column_border_width=&#8221;none&#8221; column_border_style=&#8221;solid&#8221; bg_image_animation=&#8221;none&#8221;][\/vc_column_inner][vc_column_inner column_padding=&#8221;no-extra-padding&#8221; column_padding_position=&#8221;all&#8221; background_color_opacity=&#8221;1&#8243; background_hover_color_opacity=&#8221;1&#8243; column_shadow=&#8221;none&#8221; column_border_radius=&#8221;none&#8221; column_link_target=&#8221;_self&#8221; width=&#8221;1\/3&#8243; tablet_width_inherit=&#8221;default&#8221; column_border_width=&#8221;none&#8221; column_border_style=&#8221;solid&#8221; bg_image_animation=&#8221;none&#8221;][vc_raw_html]JTNDZGl2JTIwY2xhc3MlM0QlMjJpbWdfY2VudGVyJTIyJTNFJTNDaW1nJTIwY2xhc3MlM0QlMjJhbGlnbm5vbmUlMjBzaXplLWZ1bGwlMjB3cC1pbWFnZS0yNjQxJTIwYWxpZ25sZWZ0JTIyJTIwc3JjJTNEJTIyaHR0cHMlM0ElMkYlMkZnb2J1dGNoZXJzLmNvbSUyRndwLWNvbnRlbnQlMkZ1cGxvYWRzJTJGZ29idXRjaGVycy5jb21fcGlnXzIwMTkwNC5zdmclMjIlMjBhbHQlM0QlMjJnb2J1dGNoZXJzLmNvbSUyMHBpZyUyMDIwMTkwMyUyMiUyMHdpZHRoJTNEJTIyNjglMjIlMjBoZWlnaHQlM0QlMjI1MiUyMiUyMHN0eWxlJTNEJTIyd2lkdGglM0ElMjA2OHB4JTNCcGFkZGluZy1sZWZ0JTNBJTIwMTBweCUzQiUyMiUyMCUyRiUzRSUzQ2ltZyUyMGNsYXNzJTNEJTIyYWxpZ25ub25lJTIwc2l6ZS1mdWxsJTIwd3AtaW1hZ2UtMjY0NCUyMGFsaWdubGVmdCUyMiUyMHNyYyUzRCUyMmh0dHBzJTNBJTJGJTJGZ29idXRjaGVycy5jb20lMkZ3cC1jb250ZW50JTJGdXBsb2FkcyUyRmdvYnV0Y2hlcnMuY29tX3NhdXNhZ2VfMjAxOTA0LnN2ZyUyMiUyMGFsdCUzRCUyMmdvYnV0Y2hlcnMuY29tJTIweHglMjAyMDE5MDMlMjIlMjB3aWR0aCUzRCUyMjY4JTIyJTIwaGVpZ2h0JTNEJTIyNjYlMjIlMjBzdHlsZSUzRCUyMndpZHRoJTNBJTIwNTRweCUzQm1hcmdpbiUzQSUyMDlweCUzQnBhZGRpbmctbGVmdCUzQSUyMDEwcHglM0IlMjIlMjAlMkYlM0UlM0NpbWclMjBjbGFzcyUzRCUyMmFsaWdubm9uZSUyMHNpemUtZnVsbCUyMHdwLWltYWdlLTI2NDMlMjBhbGlnbmxlZnQlMjIlMjBzcmMlM0QlMjJodHRwcyUzQSUyRiUyRmdvYnV0Y2hlcnMuY29tJTJGd3AtY29udGVudCUyRnVwbG9hZHMlMkZnb2J1dGNoZXJzLmNvbV9zaGVlcF8yMDE5MDQuc3ZnJTIyJTIwYWx0JTNEJTIyZ29idXRjaGVycy5jb20lMjBzaGVlcCUyMDIwMTkwMyUyMiUyMHN0eWxlJTNEJTIyd2lkdGglM0ElMjA1OXB4JTNCbWFyZ2luJTNBJTIwMTFweCUzQnBhZGRpbmctbGVmdCUzQSUyMDEwcHglM0IlMjIlMjB3aWR0aCUzRCUyMjU2JTIyJTIwaGVpZ2h0JTNEJTIyMzklMjIlMjAlMkYlM0UlM0MlMkZkaXYlM0U=[\/vc_raw_html][\/vc_column_inner][vc_column_inner column_padding=&#8221;no-extra-padding&#8221; column_padding_position=&#8221;all&#8221; background_color_opacity=&#8221;1&#8243; background_hover_color_opacity=&#8221;1&#8243; column_shadow=&#8221;none&#8221; column_border_radius=&#8221;none&#8221; column_link_target=&#8221;_self&#8221; width=&#8221;1\/3&#8243; tablet_width_inherit=&#8221;default&#8221; column_border_width=&#8221;none&#8221; column_border_style=&#8221;solid&#8221; bg_image_animation=&#8221;none&#8221;][\/vc_column_inner][\/vc_row_inner]<div class=\"divider-wrap\" data-alignment=\"default\"><div style=\"margin-top: 16px; height: 1px; margin-bottom: 16px;\" data-width=\"100%\" data-animate=\"yes\" data-animation-delay=\"\" data-color=\"extra-color-3\" class=\"divider-border\"><\/div><\/div>[vc_custom_heading text=&#8221;CH\u00daNG T\u00d4I L\u00c0 AI?&#8221; font_container=&#8221;tag:p|font_size:30pt|text_align:center|color:%23e2e2e2|line_height:50px&#8221; google_fonts=&#8221;font_family:Montserrat%3Aregular%2C700|font_style:400%20regular%3A400%3Anormal&#8221; css=&#8221;.vc_custom_1566976275064{margin-bottom: -30px !important;}&#8221;][vc_column_text]\n<p style=\"text-align: center;\">Ch\u00fang t\u00f4i \u0111ang tham gia m\u1ed9t l\u1ecbch s\u1eed h\u1ee3p t\u00e1c l\u00e2u d\u00e0i c\u1ee7a c\u00e1c th\u01b0\u01a1ng hi\u1ec7u h\u00e0ng \u0111\u1ea7u trong ng\u00e0nh c\u00f4ng nghi\u1ec7p th\u1ecbt. Ch\u00fang t\u00f4i \u0111ang l\u00e0m vi\u1ec7c v\u1edbi c\u00e1c trang tr\u1ea1i v\u00e0 nh\u00e0 s\u1ea3n xu\u1ea5t th\u1ecbt l\u1ee3n, th\u1ecbt b\u00f2, th\u1ecbt c\u1eebu v\u00e0 th\u1ecbt d\u00ea \u1edf ch\u00e2u \u00c2u v\u00e0 ch\u00e2u \u00c1. Nh\u1edd c\u00e1c \u0111\u1ed1i t\u00e1c kinh doanh c\u1ee7a ch\u00fang t\u00f4i, Go Butchers gi\u1eef d\u1ea5u \u1ea5n trong ng\u00e0nh c\u00f4ng nghi\u1ec7p th\u1ecbt to\u00e0n c\u1ea7u, chu\u1ed7i ph\u00e2n ph\u1ed1i l\u1edbn th\u1ecbt, th\u1ecbt \u0111\u1ecf v\u00e0 tr\u1eafng, th\u1ecbt c\u1eebu v\u00e0 th\u1ecbt l\u1ee3n mu\u1ed1i t\u1ef1 nhi\u00ean, th\u1ef1c ph\u1ea9m ch\u1ebf bi\u1ebfn, ph\u1ee5 gia th\u1ee9c \u0103n, vv Th\u1ecbt t\u01b0\u01a1i c\u1ee7a ch\u00fang t\u00f4i l\u00e0 t\u1ed1t nh\u1ea5t th\u1ecb tr\u01b0\u1eddng b\u00e1n l\u1ebb v\u00e0 d\u1ecbch v\u1ee5 th\u1ef1c ph\u1ea9m tr\u00ean kh\u1eafp ch\u00e2u \u00c2u trong khi \u0111\u1ed9 \u1ea9m th\u1ea5p l\u00e0m cho n\u00f3 c\u0169ng ph\u00f9 h\u1ee3p \u0111\u1ec3 ch\u1eefa b\u1ec7nh v\u00e0 c\u00e1c lo\u1ea1i chuy\u1ec3n \u0111\u1ed5i c\u00f4ng nghi\u1ec7p kh\u00e1c.<\/p>\n[\/vc_column_text][vc_custom_heading text=&#8221;B\u1ea1n \u0111ang c\u1ea7n g\u00ec&#8221; font_container=&#8221;tag:p|font_size:30pt|text_align:center|color:%23e2e2e2|line_height:50px&#8221; google_fonts=&#8221;font_family:Montserrat%3Aregular%2C700|font_style:400%20regular%3A400%3Anormal&#8221; css=&#8221;.vc_custom_1566999224669{margin-bottom: -30px !important;}&#8221;][vc_column_text]\n<p style=\"text-align: center;\"><a class=\"nectar-button large see-through has-icon\"  href=\"https:\/\/gobutchers.com\/go-butcher\/\" data-color-override=\"false\" data-hover-color-override=\"false\" data-hover-text-color-override=\"#fff\"><span>Shop Butcher Now<\/span><i class=\"icon-button-arrow\"><\/i><\/a>\u00a0 <a class=\"nectar-button large see-through has-icon\"  href=\"https:\/\/gobutchers.com\/natural-casing\/\" data-color-override=\"false\" data-hover-color-override=\"false\" data-hover-text-color-override=\"#fff\"><span>Shop Casing Now<\/span><i class=\"icon-button-arrow\"><\/i><\/a>\n[\/vc_column_text][\/vc_column][\/full_width_section]\n","protected":false},"excerpt":{"rendered":"<p>[vc_row type=&#8221;full_width_background&#8221; full_screen_row_position=&#8221;middle&#8221; scene_position=&#8221;center&#8221; text_color=&#8221;dark&#8221; text_align=&#8221;left&#8221; top_padding=&#8221;0&#8243; bottom_padding=&#8221;0&#8243; overlay_strength=&#8221;0.3&#8243; shape_divider_position=&#8221;bottom&#8221; bg_image_animation=&#8221;none&#8221; shape_type=&#8221;&#8221;][vc_column column_padding=&#8221;no-extra-padding&#8221; column_padding_position=&#8221;all&#8221; background_color_opacity=&#8221;1&#8243; background_hover_color_opacity=&#8221;1&#8243; column_link_target=&#8221;_self&#8221; column_shadow=&#8221;none&#8221; column_border_radius=&#8221;none&#8221; width=&#8221;1\/1&#8243; tablet_width_inherit=&#8221;default&#8221; tablet_text_alignment=&#8221;default&#8221; phone_text_alignment=&#8221;default&#8221; column_border_width=&#8221;none&#8221; column_border_style=&#8221;solid&#8221; bg_image_animation=&#8221;none&#8221;][\/vc_column][\/vc_row][full_width_section background_color=&#8221;#282828&#8243; text_color=&#8221;light&#8221; top_padding=&#8221;60&#8243; bottom_padding=&#8221;40&#8243;][vc_column&#8230;<\/p>\n","protected":false},"author":1,"featured_media":0,"parent":0,"menu_order":35,"comment_status":"open","ping_status":"open","template":"","meta":{"footnotes":""},"class_list":["post-3241","page","type-page","status-publish"],"_links":{"self":[{"href":"https:\/\/gobutchers.com\/vi\/wp-json\/wp\/v2\/pages\/3241","targetHints":{"allow":["GET"]}}],"collection":[{"href":"https:\/\/gobutchers.com\/vi\/wp-json\/wp\/v2\/pages"}],"about":[{"href":"https:\/\/gobutchers.com\/vi\/wp-json\/wp\/v2\/types\/page"}],"author":[{"embeddable":true,"href":"https:\/\/gobutchers.com\/vi\/wp-json\/wp\/v2\/users\/1"}],"replies":[{"embeddable":true,"href":"https:\/\/gobutchers.com\/vi\/wp-json\/wp\/v2\/comments?post=3241"}],"version-history":[{"count":8,"href":"https:\/\/gobutchers.com\/vi\/wp-json\/wp\/v2\/pages\/3241\/revisions"}],"predecessor-version":[{"id":3263,"href":"https:\/\/gobutchers.com\/vi\/wp-json\/wp\/v2\/pages\/3241\/revisions\/3263"}],"wp:attachment":[{"href":"https:\/\/gobutchers.com\/vi\/wp-json\/wp\/v2\/media?parent=3241"}],"curies":[{"name":"wp","href":"https:\/\/api.w.org\/{rel}","templated":true}]}}