{"id":3271,"date":"2019-08-28T13:49:44","date_gmt":"2019-08-28T13:49:44","guid":{"rendered":"https:\/\/gobutchers.com\/?page_id=3271"},"modified":"2019-08-28T14:06:49","modified_gmt":"2019-08-28T14:06:49","slug":"gioi-thieu","status":"publish","type":"page","link":"https:\/\/gobutchers.com\/vi\/gioi-thieu\/","title":{"rendered":"Gi\u1edbi thi\u1ec7u"},"content":{"rendered":"[vc_row type=&#8221;full_width_content&#8221; full_screen_row_position=&#8221;middle&#8221; vertically_center_columns=&#8221;true&#8221; scene_position=&#8221;center&#8221; text_color=&#8221;dark&#8221; text_align=&#8221;left&#8221; top_padding=&#8221;0&#8243; bottom_padding=&#8221;0&#8243; overlay_strength=&#8221;0.3&#8243; shape_divider_position=&#8221;bottom&#8221; bg_image_animation=&#8221;none&#8221; shape_type=&#8221;&#8221;][vc_column column_padding=&#8221;padding-4-percent&#8221; column_padding_position=&#8221;all&#8221; background_color=&#8221;#ffffff&#8221; background_color_opacity=&#8221;1&#8243; background_hover_color_opacity=&#8221;1&#8243; column_link_target=&#8221;_self&#8221; column_shadow=&#8221;none&#8221; column_border_radius=&#8221;none&#8221; width=&#8221;1\/2&#8243; tablet_width_inherit=&#8221;default&#8221; tablet_text_alignment=&#8221;default&#8221; phone_text_alignment=&#8221;default&#8221; column_border_width=&#8221;none&#8221; column_border_style=&#8221;solid&#8221; bg_image_animation=&#8221;none&#8221;][vc_row_inner column_margin=&#8221;default&#8221; text_align=&#8221;left&#8221;][vc_column_inner column_padding=&#8221;no-extra-padding&#8221; column_padding_position=&#8221;all&#8221; background_color_opacity=&#8221;1&#8243; background_hover_color_opacity=&#8221;1&#8243; column_shadow=&#8221;none&#8221; column_border_radius=&#8221;none&#8221; column_link_target=&#8221;_self&#8221; width=&#8221;1\/1&#8243; tablet_width_inherit=&#8221;default&#8221; column_border_width=&#8221;none&#8221; column_border_style=&#8221;solid&#8221; bg_image_animation=&#8221;none&#8221; enable_animation=&#8221;true&#8221; animation=&#8221;flip-in&#8221;][vc_column_text]\n<h3>C\u00e1c s\u1ea3n ph\u1ea9m th\u1ecbt c\u1ee7a ch\u00fang t\u00f4i d\u1ef1a tr\u00ean c\u00e1c y\u1ebfu t\u1ed1 sau:<\/h3>\n<ul>\n<li>N\u00f4ng nghi\u1ec7p hi\u1ec7n \u0111\u1ea1i<\/li>\n<li>Ch\u01b0\u01a1ng tr\u00ecnh th\u1ee9c \u0103n khoa h\u1ecdc<\/li>\n<li>Truy nguy\u00ean ngu\u1ed3n g\u1ed1c &amp; ti\u00eau chu\u1ea9n di truy\u1ec1n<\/li>\n<li>C\u1ea5u tr\u00fac c\u01a1 th\u1ec3 th\u1ed1ng nh\u1ea5t<\/li>\n<li>T\u1ef7 l\u1ec7 ph\u1ea7n tr\u0103m ch\u1ea5t b\u00e9o \u0111\u01b0\u1ee3c ki\u1ec3m so\u00e1t<\/li>\n<li>Gi\u1ebft m\u1ed5 c\u00f4ng ngh\u1ec7 cao<\/li>\n<li>B\u1ea3o qu\u1ea3n v\u1ec7 sinh<\/li>\n<li>Giao th\u1ee9c an to\u00e0n th\u1ef1c ph\u1ea9m<\/li>\n<li>\u0110\u00f3ng g\u00f3i &amp; V\u1eadn chuy\u1ec3n hi\u1ec7n \u0111\u1ea1i<\/li>\n<\/ul>\n[\/vc_column_text][\/vc_column_inner][\/vc_row_inner][\/vc_column][vc_column column_padding=&#8221;padding-4-percent&#8221; column_padding_position=&#8221;all&#8221; background_color=&#8221;#191919&#8243; background_color_opacity=&#8221;1&#8243; background_hover_color_opacity=&#8221;1&#8243; font_color=&#8221;#ffffff&#8221; column_link_target=&#8221;_self&#8221; column_shadow=&#8221;none&#8221; column_border_radius=&#8221;none&#8221; width=&#8221;1\/2&#8243; tablet_width_inherit=&#8221;default&#8221; tablet_text_alignment=&#8221;default&#8221; phone_text_alignment=&#8221;default&#8221; column_border_width=&#8221;none&#8221; column_border_style=&#8221;solid&#8221; bg_image_animation=&#8221;none&#8221;][vc_row_inner column_margin=&#8221;default&#8221; text_align=&#8221;left&#8221;][vc_column_inner column_padding=&#8221;no-extra-padding&#8221; column_padding_position=&#8221;all&#8221; background_color_opacity=&#8221;1&#8243; background_hover_color_opacity=&#8221;1&#8243; font_color=&#8221;#ffffff&#8221; column_shadow=&#8221;none&#8221; column_border_radius=&#8221;none&#8221; column_link_target=&#8221;_self&#8221; width=&#8221;1\/1&#8243; tablet_width_inherit=&#8221;default&#8221; column_border_width=&#8221;none&#8221; column_border_style=&#8221;solid&#8221; bg_image_animation=&#8221;none&#8221;][vc_column_text]\n<h3>M\u1ed9t ch\u00fat v\u1ec1 ch\u00fang t\u00f4i<\/h3>\n<p>Invi Bridge r\u1ea5t cam k\u1ebft cung c\u1ea5p c\u00e1c s\u1ea3n ph\u1ea9m th\u1ef1c ph\u1ea9m ch\u1ea5t l\u01b0\u1ee3ng cao cho c\u00e1c th\u1ecb tr\u01b0\u1eddng m\u1ee5c ti\u00eau c\u1ee7a ch\u00fang t\u00f4i. N\u00f3 c\u00f3 m\u1ee5c ti\u00eau ph\u00e1t tri\u1ec3n c\u00e1c c\u00f4ng ngh\u1ec7 m\u1edbi v\u00e0 ph\u01b0\u01a1ng ph\u00e1p khoa h\u1ecdc \u0111\u1ec3 c\u1ea3i thi\u1ec7n an to\u00e0n th\u1ef1c ph\u1ea9m v\u00e0 v\u1ec7 sinh c\u00e1c s\u1ea3n ph\u1ea9m li\u00ean quan \u0111\u1ebfn th\u1ecbt.[\/vc_column_text][\/vc_column_inner][\/vc_row_inner][\/vc_column][\/vc_row][vc_row type=&#8221;full_width_background&#8221; full_screen_row_position=&#8221;middle&#8221; bg_color=&#8221;#6b58cd&#8221; scene_position=&#8221;center&#8221; text_color=&#8221;light&#8221; text_align=&#8221;center&#8221; top_padding=&#8221;60&#8243; bottom_padding=&#8221;40&#8243; overlay_strength=&#8221;0.3&#8243; shape_divider_position=&#8221;bottom&#8221; bg_image_animation=&#8221;none&#8221;][vc_column column_padding=&#8221;no-extra-padding&#8221; column_padding_position=&#8221;all&#8221; background_color_opacity=&#8221;1&#8243; background_hover_color_opacity=&#8221;1&#8243; column_link_target=&#8221;_self&#8221; column_shadow=&#8221;none&#8221; column_border_radius=&#8221;none&#8221; width=&#8221;1\/1&#8243; tablet_width_inherit=&#8221;default&#8221; tablet_text_alignment=&#8221;default&#8221; phone_text_alignment=&#8221;default&#8221; column_border_width=&#8221;none&#8221; column_border_style=&#8221;solid&#8221; bg_image_animation=&#8221;none&#8221;][vc_column_text]\n<h3 class=\"light\" style=\"text-align: center;\">S\u1eb5n s\u00e0ng \u0111\u1ec3 th\u1ef1c hi\u1ec7n b\u01b0\u1edbc ti\u1ebfp theo?<a class=\"nectar-button large see-through has-icon\"  href=\"https:\/\/gobutchers.com\/vi\/lien-he\/\" data-color-override=\"false\" data-hover-color-override=\"false\" data-hover-text-color-override=\"#fff\"><span>Li\u00ean h\u1ec7 Ch\u00fang t\u00f4i<\/span><i class=\"icon-button-arrow\"><\/i><\/a><\/h3>\n[\/vc_column_text][\/vc_column][\/vc_row]\n","protected":false},"excerpt":{"rendered":"<p>[vc_row type=&#8221;full_width_content&#8221; full_screen_row_position=&#8221;middle&#8221; vertically_center_columns=&#8221;true&#8221; scene_position=&#8221;center&#8221; text_color=&#8221;dark&#8221; text_align=&#8221;left&#8221; top_padding=&#8221;0&#8243; bottom_padding=&#8221;0&#8243; overlay_strength=&#8221;0.3&#8243; shape_divider_position=&#8221;bottom&#8221; bg_image_animation=&#8221;none&#8221; shape_type=&#8221;&#8221;][vc_column column_padding=&#8221;padding-4-percent&#8221; column_padding_position=&#8221;all&#8221; background_color=&#8221;#ffffff&#8221; background_color_opacity=&#8221;1&#8243; background_hover_color_opacity=&#8221;1&#8243; column_link_target=&#8221;_self&#8221; column_shadow=&#8221;none&#8221; column_border_radius=&#8221;none&#8221; width=&#8221;1\/2&#8243; tablet_width_inherit=&#8221;default&#8221; tablet_text_alignment=&#8221;default&#8221; phone_text_alignment=&#8221;default&#8221; column_border_width=&#8221;none&#8221; column_border_style=&#8221;solid&#8221; bg_image_animation=&#8221;none&#8221;][vc_row_inner column_margin=&#8221;default&#8221; text_align=&#8221;left&#8221;][vc_column_inner&#8230;<\/p>\n","protected":false},"author":1,"featured_media":0,"parent":0,"menu_order":43,"comment_status":"open","ping_status":"open","template":"","meta":{"footnotes":""},"class_list":["post-3271","page","type-page","status-publish"],"_links":{"self":[{"href":"https:\/\/gobutchers.com\/vi\/wp-json\/wp\/v2\/pages\/3271","targetHints":{"allow":["GET"]}}],"collection":[{"href":"https:\/\/gobutchers.com\/vi\/wp-json\/wp\/v2\/pages"}],"about":[{"href":"https:\/\/gobutchers.com\/vi\/wp-json\/wp\/v2\/types\/page"}],"author":[{"embeddable":true,"href":"https:\/\/gobutchers.com\/vi\/wp-json\/wp\/v2\/users\/1"}],"replies":[{"embeddable":true,"href":"https:\/\/gobutchers.com\/vi\/wp-json\/wp\/v2\/comments?post=3271"}],"version-history":[{"count":6,"href":"https:\/\/gobutchers.com\/vi\/wp-json\/wp\/v2\/pages\/3271\/revisions"}],"predecessor-version":[{"id":3279,"href":"https:\/\/gobutchers.com\/vi\/wp-json\/wp\/v2\/pages\/3271\/revisions\/3279"}],"wp:attachment":[{"href":"https:\/\/gobutchers.com\/vi\/wp-json\/wp\/v2\/media?parent=3271"}],"curies":[{"name":"wp","href":"https:\/\/api.w.org\/{rel}","templated":true}]}}