{"id":3281,"date":"2019-08-28T14:09:22","date_gmt":"2019-08-28T14:09:22","guid":{"rendered":"https:\/\/gobutchers.com\/?page_id=3281"},"modified":"2019-08-28T14:28:04","modified_gmt":"2019-08-28T14:28:04","slug":"lien-he","status":"publish","type":"page","link":"https:\/\/gobutchers.com\/vi\/lien-he\/","title":{"rendered":"Li\u00ean h\u1ec7"},"content":{"rendered":"<style type=\"text\/css\">#ipt_fsqm_form_wrap_53 .ipt_fsqm_form_logo img,\n\t#ipt_fsqm_form_wrap_53 .ipt-eform-width-restrain,\n\t#ipt_fsqm_form_wrap_53 .ipt_fsqm_form_message_restore,\n\t#ipt_fsqm_form_wrap_53 .ipt_fsqm_form_message_success,\n\t#ipt_fsqm_form_wrap_53 .ipt_fsqm_form_message_error,\n\t#ipt_fsqm_form_wrap_53 .ipt_fsqm_form_message_process,\n\t#ipt_fsqm_form_wrap_53 .ipt_fsqm_form_validation_error,\n\t#ipt_fsqm_form_wrap_53 .eform-ui-estimator {\n\t\tmax-width: 980px;\n\t\tmin-width: 240px;\n\t}\n\n\t\/**\/<\/style><div\nid=\"ipt_fsqm_form_wrap_53\" class=\"ipt_uif_front ipt_uif_common ipt_fsqm_form type_0 ui-front eform-ltr eform-override-element-boxy eform-override-alignment-inherit\" data-fsqmsayt=\"{&quot;auto_save&quot;:false,&quot;show_restore&quot;:true,&quot;restore&quot;:false,&quot;admin_override&quot;:false,&quot;user_update&quot;:false,&quot;interval_save&quot;:false,&quot;interval&quot;:&quot;30&quot;}\" data-ui-type=\"0\" data-ui-theme=\"[&quot;https:\\\/\\\/gobutchers.com\\\/wp-content\\\/plugins\\\/wp-fsqm-pro\\\/static\\\/front\\\/css\\\/material-themes\\\/light-themes\\\/grey.css?ver=4.9.0&quot;]\" data-ui-theme-id=\"material-grey\" data-eformanim=\"1\" data-fsqmga=\"{&quot;enabled&quot;:false,&quot;manual_load&quot;:false,&quot;tracking_id&quot;:&quot;&quot;,&quot;cookie&quot;:&quot;auto&quot;,&quot;user_update&quot;:false,&quot;name&quot;:&quot;Submit Agent Application Vietnamese&quot;,&quot;form_id&quot;:&quot;53&quot;}\" data-fsqmreset=\"{&quot;reset&quot;:false,&quot;delay&quot;:10}\" data-eformreg=\"{&quot;enabled&quot;:false,&quot;username_id&quot;:&quot;ipt_fsqm_form_53_pinfo_&quot;,&quot;password_id&quot;:&quot;ipt_fsqm_form_53_pinfo_&quot;,&quot;hide_pinfo&quot;:false,&quot;hide_meta&quot;:false,&quot;meta&quot;:[]}\" data-eformscroll=\"{&quot;progress&quot;:true,&quot;message&quot;:true,&quot;offset&quot;:&quot;0&quot;}\" data-eform-cookie=\"0\" data-subscription-form=\"false\">\n<noscript><div\nclass=\"ipt_fsqm_form_message_noscript ui-widget ui-widget-content ui-corner-all\"><div\nclass=\"ui-helper-reset ui-helper-clearfix ui-widget-header ui-corner-all\"><h3>Javascript is disabled<\/h3><\/div><div\nclass=\"ui-widget-content ui-corner-bottom\"><p>Javascript is disabled on your browser. Please enable it in order to use this form.<\/p><\/div><\/div>\n<\/noscript><div\nclass=\"ipt_uif_init_loader ipt-eform-preloader-inline ipt_uif_ajax_loader\"><div\nclass=\"ipt-eform-preloader-inner\"><div\nclass=\"ipt-eform-preloader-circle\"><div\nclass=\"preloader-wrapper active\"><div\nclass=\"spinner-layer spinner-blue\"><div\nclass=\"circle-clipper left\"><div\nclass=\"circle\"><\/div><\/div><div\nclass=\"gap-patch\"><div\nclass=\"circle\"><\/div><\/div><div\nclass=\"circle-clipper right\"><div\nclass=\"circle\"><\/div><\/div><\/div><div\nclass=\"spinner-layer spinner-red\"><div\nclass=\"circle-clipper left\"><div\nclass=\"circle\"><\/div><\/div><div\nclass=\"gap-patch\"><div\nclass=\"circle\"><\/div><\/div><div\nclass=\"circle-clipper right\"><div\nclass=\"circle\"><\/div><\/div><\/div><div\nclass=\"spinner-layer spinner-yellow\"><div\nclass=\"circle-clipper left\"><div\nclass=\"circle\"><\/div><\/div><div\nclass=\"gap-patch\"><div\nclass=\"circle\"><\/div><\/div><div\nclass=\"circle-clipper right\"><div\nclass=\"circle\"><\/div><\/div><\/div><div\nclass=\"spinner-layer spinner-green\"><div\nclass=\"circle-clipper left\"><div\nclass=\"circle\"><\/div><\/div><div\nclass=\"gap-patch\"><div\nclass=\"circle\"><\/div><\/div><div\nclass=\"circle-clipper right\"><div\nclass=\"circle\"><\/div><\/div><\/div><\/div><\/div><div\nclass=\"ipt-eform-preloader-text\"><div\nclass=\"ipt-eform-preloader-text-inner ipt_uif_ajax_loader_text\">Loading<\/div><\/div><div\nclass=\"clear\"><\/div><\/div><\/div>\n<input\ntype=\"hidden\" data-sayt-exclude class=\"ipt_uif_conditional_logic\" id=\"ipt_uif_conditional_logic_53\" value=\"{&quot;logics&quot;:[],&quot;indexes&quot;:[],&quot;base&quot;:&quot;53&quot;}\" \/>\n<input\ntype=\"hidden\" data-sayt-exclude class=\"ipt_fsqm_timer_data\" id=\"ipt_fsqm_timer_data_53\" value=\"{&quot;type&quot;:&quot;none&quot;}\" \/>\n<input\ntype=\"hidden\" data-sayt-exclude class=\"ipt_fsqm_epoc_data\" id=\"ipt_fsqm_epoc_data_53\" value=\"{&quot;CURRENTYEAR&quot;:2026,&quot;CURRENTDATE&quot;:1776237459000,&quot;CURRENTDAY&quot;:15,&quot;CURRENTMONTH&quot;:4,&quot;CURRENTHOUR&quot;:7,&quot;CURRENTMINUTE&quot;:17,&quot;CURRENTSECOND&quot;:39,&quot;CURRENTWEEK&quot;:16,&quot;CURRENTEPOC&quot;:20558}\" \/><div\nstyle=\"display: none;\" class=\"ipt_uif_hidden_init\"><form\nmethod=\"post\" action=\"\" class=\"ipt_uif_validate_form ipt_fsqm_main_form\" id=\"ipt_fsqm_form_53\" autocomplete=\"on\">\n<input\ntype=\"hidden\" data-sayt-exclude name=\"action\" id=\"action\" value=\"ipt_fsqm_save_form\" \/>\n<input\ntype=\"hidden\" data-sayt-exclude name=\"ipt_fsqm_epoc\" class=\"eform-epoc-value\" value=\"1776237459\" \/>\n<input\ntype=\"hidden\" class=\"ipt_fsqm_form_tab_pos\" name=\"fsqm_form53_tab_pos\" value=\"0\" id=\"fsqm_form53_tab_pos\" \/>\n<input\ntype=\"hidden\" id=\"ipt_fsqm_form_data_save\" name=\"ipt_fsqm_form_data_save\" value=\"01ca428a29\" data-sayt-exclude \/>\t\t\t<input\ntype=\"hidden\" name=\"_wp_http_referer\" value=\"\/vi\/wp-json\/wp\/v2\/pages\/3281\" \/>\n<input\ntype=\"hidden\" data-sayt-exclude name=\"form_id\" value=\"53\" \/><div\nclass=\"ipt-eform-width-restrain\"><div\nclass=\"ipt-eform-content ipt-eform-no-wrap\"><div\nid=\"ipt_fsqm_form_53_layout_0_inner\" class=\"ipt-eform-layout-wrapper\"><div\nclass=\"ipt_uif_column ipt_uif_column_full ipt_uif_conditional ipt_fsqm_main_heading_column\"><div\nclass=\"ipt_uif_column_inner\"><h3 class=\"ipt_fsqm_main_heading ipt_uif_heading ipt_uif_divider ipt_uif_align_left ipt_uif_divider_no_icon ipt_uif_divider_icon_no_bg\">\n<span\nclass=\"ipt_uif_divider_text\">\n<span\nclass=\"ipt_uif_divider_text_inner\">\n\u0110i\u1ec1n th\u00f4ng tin<span\nclass=\"subtitle\"><\/span>\t\t\t\t<\/span>\n<\/span><\/h3><div\nclass=\"clear-both\"><\/div><\/div><\/div>\n<input\ntype=\"hidden\" data-sayt-exclude name=\"ipt_fsqm_form_53[design][0][m_type]\" id=\"ipt_fsqm_form_53_design_0_m_type\" value=\"design\" class=\"ipt_fsqm_hf_m_type\" \/>\n<input\ntype=\"hidden\" data-sayt-exclude name=\"ipt_fsqm_form_53[design][0][type]\" id=\"ipt_fsqm_form_53_design_0_type\" value=\"col_half\" class=\"ipt_fsqm_hf_type\" \/><div\nclass=\"ipt_uif_column ipt_uif_column_half ipt_uif_conditional ipt_uif_column_custom ipt_fsqm_container_col_half\" id=\"ipt_fsqm_form_53_design_0\"><div\nclass=\"ipt_uif_column_inner\">\n<input\ntype=\"hidden\" data-sayt-exclude name=\"ipt_fsqm_form_53[pinfo][0][m_type]\" id=\"ipt_fsqm_form_53_pinfo_0_m_type\" value=\"pinfo\" class=\"ipt_fsqm_hf_m_type\" \/>\n<input\ntype=\"hidden\" data-sayt-exclude name=\"ipt_fsqm_form_53[pinfo][0][type]\" id=\"ipt_fsqm_form_53_pinfo_0_type\" value=\"f_name\" class=\"ipt_fsqm_hf_type\" \/><div\nclass=\"ipt_uif_column ipt_uif_column_full ipt_uif_conditional ipt_fsqm_container_f_name\" id=\"ipt_fsqm_form_53_pinfo_0\"><div\nclass=\"ipt_uif_column_inner side_margin\"><div\nclass=\"ipt_uif_question ipt_uif_question_vertical\"><div\nclass=\"ipt_uif_question_label\">\n<label\nclass=\"ipt_uif_question_title ipt_uif_label\" for=\"ipt_fsqm_form_53_pinfo_0_value\">H\u1ecd<span\nclass=\"ipt_uif_question_required\">*<\/span><\/label><div\nclass=\"clear-both\"><\/div><\/div><div\nclass=\"ipt_uif_question_content\"><div\nclass=\"input-field has-icon\">\n<input\nclass=\" check_me validate[required,custom[personName]] ipt_uif_text\"\ntype=\"text\"\nname=\"ipt_fsqm_form_53[pinfo][0][value]\"\nid=\"ipt_fsqm_form_53_pinfo_0_value\"\nmaxlength=\"\"\t\tvalue=\"\" \/>\n<i\ntitle=\"\" class=\" ipticm prefix\" data-ipt-icomoon=\"&#xf007;\"><\/i>\n<label\nfor=\"ipt_fsqm_form_53_pinfo_0_value\">H\u1ecd<\/label><\/div><div\nclass=\"clear-both\"><\/div><\/div><\/div><div\nclass=\"clear-both\"><\/div><\/div><\/div><div\nclass=\"clear-both\"><\/div><\/div><\/div>\n<input\ntype=\"hidden\" data-sayt-exclude name=\"ipt_fsqm_form_53[design][1][m_type]\" id=\"ipt_fsqm_form_53_design_1_m_type\" value=\"design\" class=\"ipt_fsqm_hf_m_type\" \/>\n<input\ntype=\"hidden\" data-sayt-exclude name=\"ipt_fsqm_form_53[design][1][type]\" id=\"ipt_fsqm_form_53_design_1_type\" value=\"col_half\" class=\"ipt_fsqm_hf_type\" \/><div\nclass=\"ipt_uif_column ipt_uif_column_half ipt_uif_conditional ipt_uif_column_custom ipt_fsqm_container_col_half\" id=\"ipt_fsqm_form_53_design_1\"><div\nclass=\"ipt_uif_column_inner\">\n<input\ntype=\"hidden\" data-sayt-exclude name=\"ipt_fsqm_form_53[pinfo][1][m_type]\" id=\"ipt_fsqm_form_53_pinfo_1_m_type\" value=\"pinfo\" class=\"ipt_fsqm_hf_m_type\" \/>\n<input\ntype=\"hidden\" data-sayt-exclude name=\"ipt_fsqm_form_53[pinfo][1][type]\" id=\"ipt_fsqm_form_53_pinfo_1_type\" value=\"l_name\" class=\"ipt_fsqm_hf_type\" \/><div\nclass=\"ipt_uif_column ipt_uif_column_full ipt_uif_conditional ipt_fsqm_container_l_name\" id=\"ipt_fsqm_form_53_pinfo_1\"><div\nclass=\"ipt_uif_column_inner side_margin\"><div\nclass=\"ipt_uif_question ipt_uif_question_vertical\"><div\nclass=\"ipt_uif_question_label\">\n<label\nclass=\"ipt_uif_question_title ipt_uif_label\" for=\"ipt_fsqm_form_53_pinfo_1_value\">T\u00ean<span\nclass=\"ipt_uif_question_required\">*<\/span><\/label><div\nclass=\"clear-both\"><\/div><\/div><div\nclass=\"ipt_uif_question_content\"><div\nclass=\"input-field has-icon\">\n<input\nclass=\" check_me validate[required,custom[personName]] ipt_uif_text\"\ntype=\"text\"\nname=\"ipt_fsqm_form_53[pinfo][1][value]\"\nid=\"ipt_fsqm_form_53_pinfo_1_value\"\nmaxlength=\"\"\t\tvalue=\"\" \/>\n<i\ntitle=\"\" class=\" ipticm prefix\" data-ipt-icomoon=\"&#xf007;\"><\/i>\n<label\nfor=\"ipt_fsqm_form_53_pinfo_1_value\">T\u00ean<\/label><\/div><div\nclass=\"clear-both\"><\/div><\/div><\/div><div\nclass=\"clear-both\"><\/div><\/div><\/div><div\nclass=\"clear-both\"><\/div><\/div><\/div>\n<input\ntype=\"hidden\" data-sayt-exclude name=\"ipt_fsqm_form_53[freetype][4][m_type]\" id=\"ipt_fsqm_form_53_freetype_4_m_type\" value=\"freetype\" class=\"ipt_fsqm_hf_m_type\" \/>\n<input\ntype=\"hidden\" data-sayt-exclude name=\"ipt_fsqm_form_53[freetype][4][type]\" id=\"ipt_fsqm_form_53_freetype_4_type\" value=\"feedback_small\" class=\"ipt_fsqm_hf_type\" \/><div\nclass=\"ipt_uif_column ipt_uif_column_full ipt_uif_conditional ipt_fsqm_container_feedback_small\" id=\"ipt_fsqm_form_53_freetype_4\"><div\nclass=\"ipt_uif_column_inner side_margin\"><div\nclass=\"ipt_uif_question ipt_uif_question_vertical\"><div\nclass=\"ipt_uif_question_label\">\n<label\nclass=\"ipt_uif_question_title ipt_uif_label\" for=\"ipt_fsqm_form_53_freetype_4_value\">C\u00f4ng ty<span\nclass=\"ipt_uif_question_required\">*<\/span><\/label><div\nclass=\"clear-both\"><\/div><\/div><div\nclass=\"ipt_uif_question_content\"><div\nclass=\"input-field has-icon\">\n<input\nclass=\" check_me validate[required] ipt_uif_text\"\ntype=\"text\"\nname=\"ipt_fsqm_form_53[freetype][4][value]\"\nid=\"ipt_fsqm_form_53_freetype_4_value\"\nmaxlength=\"\"\t\tvalue=\"\" \/>\n<i\ntitle=\"\" class=\" ipticm prefix\" data-ipt-icomoon=\"&#xf0f7;\"><\/i>\n<label\nfor=\"ipt_fsqm_form_53_freetype_4_value\">C\u00f4ng ty<\/label><\/div><div\nclass=\"clear-both\"><\/div><\/div><\/div><div\nclass=\"clear-both\"><\/div><\/div><\/div>\n<input\ntype=\"hidden\" data-sayt-exclude name=\"ipt_fsqm_form_53[pinfo][4][m_type]\" id=\"ipt_fsqm_form_53_pinfo_4_m_type\" value=\"pinfo\" class=\"ipt_fsqm_hf_m_type\" \/>\n<input\ntype=\"hidden\" data-sayt-exclude name=\"ipt_fsqm_form_53[pinfo][4][type]\" id=\"ipt_fsqm_form_53_pinfo_4_type\" value=\"address\" class=\"ipt_fsqm_hf_type\" \/><div\nclass=\"ipt_uif_column ipt_uif_column_full ipt_uif_conditional ipt_fsqm_container_address\" id=\"ipt_fsqm_form_53_pinfo_4\"><div\nclass=\"ipt_uif_column_inner side_margin\"><div\nclass=\"ipt_uif_question ipt_uif_question_vertical\"><div\nclass=\"ipt_uif_question_label\">\n<label\nclass=\"ipt_uif_question_title ipt_uif_label\" for=\"ipt_fsqm_form_53_pinfo_4\">\u0110\u1ecba ch\u1ec9<span\nclass=\"ipt_uif_question_required\">*<\/span><\/label><div\nclass=\"clear-both\"><\/div><\/div><div\nclass=\"ipt_uif_question_content\"><div\nclass=\"ipt_uif_column ipt_uif_column_full ipt_uif_conditional ipt-eform-address-line-one\"><div\nclass=\"ipt_uif_column_inner\"><div\nclass=\"input-field has-icon\">\n<input\nclass=\" check_me validate[required] ipt_uif_text\"\ntype=\"text\"\nname=\"ipt_fsqm_form_53[pinfo][4][values][line_one]\"\nid=\"ipt_fsqm_form_53_pinfo_4_values_line_one\"\nvalue=\"\" \/>\n<i\ntitle=\"\" class=\" ipt-icomoon-address-book ipticm prefix\"><\/i>\n<label\nfor=\"ipt_fsqm_form_53_pinfo_4_values_line_one\">\u0110\u1ecba ch\u1ec9<\/label><\/div><div\nclass=\"clear-both\"><\/div><\/div><\/div><div\nclass=\"ipt-eform-address-cpz cpz-column-third\"><div\nclass=\"ipt_uif_column ipt_uif_column_third ipt_uif_conditional ipt_uif_column_custom ipt-eform-address-country\"><div\nclass=\"ipt_uif_column_inner\"><div\nclass=\"input-field has-icon\">\n<input\nclass=\"ipt_uif_autocomplete  check_me validate[required] ipt_uif_text\"\ndata-autocomplete=\"[]\"\t\t\t\t\t\t\t\ttype=\"text\"\nname=\"ipt_fsqm_form_53[pinfo][4][values][country]\"\nid=\"ipt_fsqm_form_53_pinfo_4_values_country\"\nvalue=\"\" \/>\n<i\ntitle=\"\" class=\" ipt-icomoon-flag ipticm prefix\"><\/i>\n<label\nfor=\"ipt_fsqm_form_53_pinfo_4_values_country\">Qu\u1ed1c gia<\/label><\/div><div\nclass=\"clear-both\"><\/div><\/div><\/div><div\nclass=\"ipt_uif_column ipt_uif_column_third ipt_uif_conditional ipt_uif_column_custom ipt-eform-address-province\"><div\nclass=\"ipt_uif_column_inner\"><div\nclass=\"input-field has-icon\">\n<input\nclass=\"ipt_uif_autocomplete  check_me validate[required] ipt_uif_text\"\ndata-autocomplete=\"[]\" data-preset-country=\"\"\t\t\t\t\t\t\t\ttype=\"text\"\nname=\"ipt_fsqm_form_53[pinfo][4][values][province]\"\nid=\"ipt_fsqm_form_53_pinfo_4_values_province\"\nvalue=\"\" \/>\n<i\ntitle=\"\" class=\" ipt-icomoon-map-signs ipticm prefix\"><\/i>\n<label\nfor=\"ipt_fsqm_form_53_pinfo_4_values_province\">T\u1ec9nh\/Th\u00e0nh Ph\u1ed1<\/label><\/div><div\nclass=\"clear-both\"><\/div><\/div><\/div><div\nclass=\"ipt_uif_column ipt_uif_column_third ipt_uif_conditional ipt_uif_column_custom ipt-eform-address-zip\"><div\nclass=\"ipt_uif_column_inner\"><div\nclass=\"input-field has-icon\">\n<input\nclass=\" check_me validate[required,custom[zipCode]] ipt_uif_text\"\ntype=\"text\"\nname=\"ipt_fsqm_form_53[pinfo][4][values][zip]\"\nid=\"ipt_fsqm_form_53_pinfo_4_values_zip\"\nvalue=\"\" \/>\n<i\ntitle=\"\" class=\" ipt-icomoon-location ipticm prefix\"><\/i>\n<label\nfor=\"ipt_fsqm_form_53_pinfo_4_values_zip\">M\u00e3 v\u00f9ng<\/label><\/div><div\nclass=\"clear-both\"><\/div><\/div><\/div><\/div><div\nclass=\"clear-both\"><\/div><div\nclass=\"clear-both\"><\/div><\/div><\/div><div\nclass=\"clear-both\"><\/div><\/div><\/div>\n<input\ntype=\"hidden\" data-sayt-exclude name=\"ipt_fsqm_form_53[pinfo][3][m_type]\" id=\"ipt_fsqm_form_53_pinfo_3_m_type\" value=\"pinfo\" class=\"ipt_fsqm_hf_m_type\" \/>\n<input\ntype=\"hidden\" data-sayt-exclude name=\"ipt_fsqm_form_53[pinfo][3][type]\" id=\"ipt_fsqm_form_53_pinfo_3_type\" value=\"phone\" class=\"ipt_fsqm_hf_type\" \/><div\nclass=\"ipt_uif_column ipt_uif_column_full ipt_uif_conditional ipt_fsqm_container_phone\" id=\"ipt_fsqm_form_53_pinfo_3\"><div\nclass=\"ipt_uif_column_inner side_margin\"><div\nclass=\"ipt_uif_question ipt_uif_question_vertical\"><div\nclass=\"ipt_uif_question_label\">\n<label\nclass=\"ipt_uif_question_title ipt_uif_label\" for=\"ipt_fsqm_form_53_pinfo_3_value\">\u0110i\u1ec7n tho\u1ea1i<span\nclass=\"ipt_uif_question_required\">*<\/span><\/label><div\nclass=\"clear-both\"><\/div><\/div><div\nclass=\"ipt_uif_question_content\"><div\nclass=\"input-field has-icon\">\n<input\nclass=\" check_me validate[required,custom[phone]] ipt_uif_text\"\ntype=\"tel\"\nname=\"ipt_fsqm_form_53[pinfo][3][value]\"\nid=\"ipt_fsqm_form_53_pinfo_3_value\"\nmaxlength=\"\"\t\tvalue=\"\" \/>\n<i\ntitle=\"\" class=\" ipticm prefix\" data-ipt-icomoon=\"&#xe08c;\"><\/i>\n<label\nfor=\"ipt_fsqm_form_53_pinfo_3_value\">\u0110i\u1ec7n tho\u1ea1i<\/label><\/div><div\nclass=\"clear-both\"><\/div><\/div><\/div><div\nclass=\"clear-both\"><\/div><\/div><\/div>\n<input\ntype=\"hidden\" data-sayt-exclude name=\"ipt_fsqm_form_53[pinfo][2][m_type]\" id=\"ipt_fsqm_form_53_pinfo_2_m_type\" value=\"pinfo\" class=\"ipt_fsqm_hf_m_type\" \/>\n<input\ntype=\"hidden\" data-sayt-exclude name=\"ipt_fsqm_form_53[pinfo][2][type]\" id=\"ipt_fsqm_form_53_pinfo_2_type\" value=\"email\" class=\"ipt_fsqm_hf_type\" \/><div\nclass=\"ipt_uif_column ipt_uif_column_full ipt_uif_conditional ipt_fsqm_container_email\" id=\"ipt_fsqm_form_53_pinfo_2\"><div\nclass=\"ipt_uif_column_inner side_margin\"><div\nclass=\"ipt_uif_question ipt_uif_question_vertical\"><div\nclass=\"ipt_uif_question_label\">\n<label\nclass=\"ipt_uif_question_title ipt_uif_label\" for=\"ipt_fsqm_form_53_pinfo_2_value\">Email<span\nclass=\"ipt_uif_question_required\">*<\/span><\/label><div\nclass=\"clear-both\"><\/div><\/div><div\nclass=\"ipt_uif_question_content\"><div\nclass=\"input-field has-icon\">\n<input\nclass=\" check_me validate[required,custom[email]] ipt_uif_text\"\ntype=\"email\"\nname=\"ipt_fsqm_form_53[pinfo][2][value]\"\nid=\"ipt_fsqm_form_53_pinfo_2_value\"\nvalue=\"\" \/>\n<i\ntitle=\"\" class=\" ipticm prefix\" data-ipt-icomoon=\"&#xf0e0;\"><\/i>\n<label\nfor=\"ipt_fsqm_form_53_pinfo_2_value\">Email Address<\/label><\/div><div\nclass=\"clear-both\"><\/div><\/div><\/div><div\nclass=\"clear-both\"><\/div><\/div><\/div>\n<input\ntype=\"hidden\" data-sayt-exclude name=\"ipt_fsqm_form_53[freetype][5][m_type]\" id=\"ipt_fsqm_form_53_freetype_5_m_type\" value=\"freetype\" class=\"ipt_fsqm_hf_m_type\" \/>\n<input\ntype=\"hidden\" data-sayt-exclude name=\"ipt_fsqm_form_53[freetype][5][type]\" id=\"ipt_fsqm_form_53_freetype_5_type\" value=\"feedback_small\" class=\"ipt_fsqm_hf_type\" \/><div\nclass=\"ipt_uif_column ipt_uif_column_full ipt_uif_conditional ipt_fsqm_container_feedback_small\" id=\"ipt_fsqm_form_53_freetype_5\"><div\nclass=\"ipt_uif_column_inner side_margin\"><div\nclass=\"ipt_uif_question ipt_uif_question_vertical\"><div\nclass=\"ipt_uif_question_label\">\n<label\nclass=\"ipt_uif_question_title ipt_uif_label\" for=\"ipt_fsqm_form_53_freetype_5_value\">L\u0129nh v\u1ef1c<span\nclass=\"ipt_uif_question_required\">*<\/span><\/label><div\nclass=\"clear-both\"><\/div><\/div><div\nclass=\"ipt_uif_question_content\"><div\nclass=\"input-field has-icon\">\n<input\nclass=\" check_me validate[required] ipt_uif_text\"\ntype=\"text\"\nname=\"ipt_fsqm_form_53[freetype][5][value]\"\nid=\"ipt_fsqm_form_53_freetype_5_value\"\nmaxlength=\"\"\t\tvalue=\"\" \/>\n<i\ntitle=\"\" class=\" ipticm prefix\" data-ipt-icomoon=\"&#xe8b8;\"><\/i>\n<label\nfor=\"ipt_fsqm_form_53_freetype_5_value\">L\u0129nh v\u1ef1c<\/label><\/div><div\nclass=\"clear-both\"><\/div><\/div><\/div><div\nclass=\"clear-both\"><\/div><\/div><\/div>\n<input\ntype=\"hidden\" data-sayt-exclude name=\"ipt_fsqm_form_53[freetype][6][m_type]\" id=\"ipt_fsqm_form_53_freetype_6_m_type\" value=\"freetype\" class=\"ipt_fsqm_hf_m_type\" \/>\n<input\ntype=\"hidden\" data-sayt-exclude name=\"ipt_fsqm_form_53[freetype][6][type]\" id=\"ipt_fsqm_form_53_freetype_6_type\" value=\"feedback_large\" class=\"ipt_fsqm_hf_type\" \/><div\nclass=\"ipt_uif_column ipt_uif_column_full ipt_uif_conditional ipt_fsqm_container_feedback_large\" id=\"ipt_fsqm_form_53_freetype_6\"><div\nclass=\"ipt_uif_column_inner side_margin\"><div\nclass=\"ipt_uif_question ipt_uif_question_vertical\"><div\nclass=\"ipt_uif_question_label\">\n<label\nclass=\"ipt_uif_question_title ipt_uif_label\" for=\"ipt_fsqm_form_53_freetype_6_value\">N\u1ed9i dung tin nh\u1eafn<span\nclass=\"ipt_uif_question_required\">*<\/span><\/label><div\nclass=\"clear-both\"><\/div><\/div><div\nclass=\"ipt_uif_question_content\"><div\nclass=\"input-field has-icon\"><textarea class=\"ipt_uif_textarea materialize-textarea  check_me validate[required]\"\n\t\trows=\"4\"\n\t\t\t\t\t\t\t\tname=\"ipt_fsqm_form_53[freetype][6][value]\"\n\t\tmaxlength=\"\"\t\tid=\"ipt_fsqm_form_53_freetype_6_value\"><\/textarea><i\ntitle=\"\" class=\" ipticm prefix\" data-ipt-icomoon=\"&#xf040;\"><\/i>\n<label\nfor=\"ipt_fsqm_form_53_freetype_6_value\">N\u1ed9i dung tin nh\u1eafn<\/label><\/div><div\nclass=\"clear-both\"><\/div><\/div><\/div><div\nclass=\"clear-both\"><\/div><\/div><\/div><\/div><div\nid=\"ipt_fsqm_form_53_button_container\" class=\"ipt_fsqm_form_button_container ipt_fsqm_form_button_container--flat eform-material-alternate-pb ipt-eform-material-button-container\"><div\nclass=\"eform-button-container-inner\">\n<button\ntype=\"submit\" class=\"ipt_uif_button eform-material-button eform-ripple ipt_fsqm_form_button_submit medium primary-button\" name=\"ipt_fsqm_form_53_button_submit\" id=\"ipt_fsqm_form_53_button_submit\"> G\u1eedi<\/button><\/div><\/div><div\nclass=\"clear-both\"><\/div><\/div><\/div><\/form><\/div><div\nstyle=\"display: none;\" class=\"ipt_fsqm_form_message_success ui-widget ui-widget-content ui-corner-all ipt_uif_widget_box\"><div\nclass=\"ui-helper-reset ui-helper-clearfix ui-widget-header ui-corner-all\"><h3><i\ntitle=\"\" class=\" ipt-icomoon-checkmark-circle ipticm prefix\"><\/i>\nTh\u00f4ng tin c\u1ee7a b\u1ea1n \u0111\u00e3 \u0111\u01b0\u1ee3c g\u1eedi th\u00e0nh c\u00f4ng<\/h3><\/div><div\nclass=\"ui-widget-content ui-corner-all ipt_fsqm_success_wrap\"><p>Thank you %NAME% for taking the quiz\/survey\/feedback.<br\n\/>\nWe have received your answers. You can view it anytime from this link below:<br\n\/>\n<a\nhref=\"%TRACK_LINK%\">%TRACK_LINK%<\/a><br\n\/>\nWe have also attached a copy of your submission.<\/p><\/div><\/div><div\nstyle=\"display: none;\" class=\"ipt_fsqm_form_message_error ui-widget ui-widget-content ui-corner-all ipt_uif_widget_box\"><div\nclass=\"ui-helper-reset ui-helper-clearfix ui-widget-header ui-corner-all\"><h3><i\ntitle=\"\" class=\" ipt-icomoon-laptop ipticm prefix\"><\/i>\nServer Side Error<\/h3><\/div><div\nclass=\"ui-widget-content ui-corner-all\"><p>We faced problems while connecting to the server or receiving data from the server. Please wait for a few seconds and try again.<\/p><p>If the problem persists, then check your internet connectivity. If all other sites open fine, then please contact the administrator of this website with the following information.<\/p><p\nclass=\"jqXHR\">\n<strong>TextStatus: <\/strong><span\nclass=\"textStatus\">undefined<\/span><br\n\/>\n<strong>HTTP Error: <\/strong><span\nclass=\"errorThrown\">undefined<\/span><\/p><\/div><\/div><div\nstyle=\"display: none\" class=\"ipt_uif_widget_box ipt_fsqm_form_message_process\"><div\nclass=\"ui-widget ui-widget-header ui-corner-all\"><div\nclass=\"ipt-eform-preloader-inline ipt_uif_ajax_loader\"><div\nclass=\"ipt-eform-preloader-inner\"><div\nclass=\"ipt-eform-preloader-circle\"><div\nclass=\"preloader-wrapper active\"><div\nclass=\"spinner-layer spinner-blue\"><div\nclass=\"circle-clipper left\"><div\nclass=\"circle\"><\/div><\/div><div\nclass=\"gap-patch\"><div\nclass=\"circle\"><\/div><\/div><div\nclass=\"circle-clipper right\"><div\nclass=\"circle\"><\/div><\/div><\/div><div\nclass=\"spinner-layer spinner-red\"><div\nclass=\"circle-clipper left\"><div\nclass=\"circle\"><\/div><\/div><div\nclass=\"gap-patch\"><div\nclass=\"circle\"><\/div><\/div><div\nclass=\"circle-clipper right\"><div\nclass=\"circle\"><\/div><\/div><\/div><div\nclass=\"spinner-layer spinner-yellow\"><div\nclass=\"circle-clipper left\"><div\nclass=\"circle\"><\/div><\/div><div\nclass=\"gap-patch\"><div\nclass=\"circle\"><\/div><\/div><div\nclass=\"circle-clipper right\"><div\nclass=\"circle\"><\/div><\/div><\/div><div\nclass=\"spinner-layer spinner-green\"><div\nclass=\"circle-clipper left\"><div\nclass=\"circle\"><\/div><\/div><div\nclass=\"gap-patch\"><div\nclass=\"circle\"><\/div><\/div><div\nclass=\"circle-clipper right\"><div\nclass=\"circle\"><\/div><\/div><\/div><\/div><\/div><div\nclass=\"ipt-eform-preloader-text\"><div\nclass=\"ipt-eform-preloader-text-inner ipt_uif_ajax_loader_text\">\u0110ang x\u1eed l\u00ed y\u00eau c\u1ea7u c\u1ee7a b\u1ea1n<\/div><\/div><div\nclass=\"clear\"><\/div><\/div><\/div><\/div><\/div><div\nstyle=\"display: none;\" class=\"ipt_fsqm_form_validation_error ui-widget ui-widget-content ui-corner-all ipt_uif_widget_box\"><div\nclass=\"ui-helper-reset ui-helper-clearfix ui-widget-header ui-corner-all\"><h3><i\ntitle=\"\" class=\" ipt-icomoon-warning2 ipticm prefix\"><\/i>\n<span\nclass=\"fsqm_ve_text\">Error<\/span><\/h3><\/div><div\nclass=\"ui-widget-content ui-corner-all\"><p\nclass=\"fsqm_ve_msg\">Some error has occured.<\/p><\/div><\/div><\/div>\n","protected":false},"excerpt":{"rendered":"#ipt_fsqm_form_wrap_53 .ipt_fsqm_form_logo img, #ipt_fsqm_form_wrap_53 .ipt-eform-width-restrain, #ipt_fsqm_form_wrap_53 .ipt_fsqm_form_message_restore, #ipt_fsqm_form_wrap_53 .ipt_fsqm_form_message_success, #ipt_fsqm_form_wrap_53 .ipt_fsqm_form_message_error, #ipt_fsqm_form_wrap_53 .ipt_fsqm_form_message_process, #ipt_fsqm_form_wrap_53 .ipt_fsqm_form_validation_error, #ipt_fsqm_form_wrap_53 .eform-ui-estimator { max-width: 980px; min-width: 240px; } \/**\/ Javascript is disabledJavascript is disabled on...","protected":false},"author":1,"featured_media":0,"parent":0,"menu_order":0,"comment_status":"closed","ping_status":"closed","template":"","meta":{"footnotes":""},"class_list":["post-3281","page","type-page","status-publish"],"_links":{"self":[{"href":"https:\/\/gobutchers.com\/vi\/wp-json\/wp\/v2\/pages\/3281","targetHints":{"allow":["GET"]}}],"collection":[{"href":"https:\/\/gobutchers.com\/vi\/wp-json\/wp\/v2\/pages"}],"about":[{"href":"https:\/\/gobutchers.com\/vi\/wp-json\/wp\/v2\/types\/page"}],"author":[{"embeddable":true,"href":"https:\/\/gobutchers.com\/vi\/wp-json\/wp\/v2\/users\/1"}],"replies":[{"embeddable":true,"href":"https:\/\/gobutchers.com\/vi\/wp-json\/wp\/v2\/comments?post=3281"}],"version-history":[{"count":3,"href":"https:\/\/gobutchers.com\/vi\/wp-json\/wp\/v2\/pages\/3281\/revisions"}],"predecessor-version":[{"id":3285,"href":"https:\/\/gobutchers.com\/vi\/wp-json\/wp\/v2\/pages\/3281\/revisions\/3285"}],"wp:attachment":[{"href":"https:\/\/gobutchers.com\/vi\/wp-json\/wp\/v2\/media?parent=3281"}],"curies":[{"name":"wp","href":"https:\/\/api.w.org\/{rel}","templated":true}]}}