{"id":3412,"date":"2019-09-28T16:36:05","date_gmt":"2019-09-28T16:36:05","guid":{"rendered":"https:\/\/gobutchers.com\/product\/than-vai-bo\/"},"modified":"2019-09-28T16:36:05","modified_gmt":"2019-09-28T16:36:05","slug":"than-vai-bo","status":"publish","type":"product","link":"https:\/\/gobutchers.com\/vi\/product\/than-vai-bo\/","title":{"rendered":"Th\u0103n vai b\u00f2"},"content":{"rendered":"<p>L\u00e0 ph\u1ea7n th\u1ecbt n\u1eb1m gi\u1eefa n\u00e1ch, x\u01b0\u01a1ng vai v\u00e0 ph\u00eda tr\u00ean ch\u00e2n tr\u01b0\u1edbc, n\u00f3 ph\u1ea7n th\u1ecbt \u0111\u01b0\u1ee3c c\u1eaft t\u1eeb n\u1eb1m \u1edf ph\u1ea7n n\u1ea1c vai b\u00f2 gi\u1eefa x\u01b0\u01a1ng s\u1ed1 5 v\u00e0 s\u1ed1 6. To\u00e0n b\u1ed9 x\u01b0\u01a1ng v\u00e0 s\u1ee5n c\u0169ng nh\u01b0 ph\u1ea7n g\u00e2n ngo\u00e0i \u0111\u00e3 \u0111\u01b0\u1ee3c lo\u1ea1i b\u1ecf.<\/p>\n<div id=\"simple-translate\">\n<div>\n<div class=\"simple-translate-button \" style=\"background-image: url('moz-extension:\/\/618c6422-d008-3549-a264-d89f3ec8a894\/icons\/512.png'); height: 22px; width: 22px; top: 10px; left: 10px;\"><\/div>\n<div class=\"simple-translate-panel \" style=\"width: 300px; height: 200px; top: 0px; left: 0px; font-size: 13px; background-color: #ffffff;\">\n<div class=\"simple-translate-result-wrapper\" style=\"overflow: hidden;\">\n<p class=\"simple-translate-result\" style=\"color: #000000;\">\n<p class=\"simple-translate-candidate\" style=\"color: #737373;\">\n<\/div>\n<\/div>\n<\/div>\n<\/div>\n","protected":false},"excerpt":{"rendered":"<p>L\u00e0 ph\u1ea7n th\u1ecbt n\u1eb1m gi\u1eefa n\u00e1ch, x\u01b0\u01a1ng vai v\u00e0 ph\u00eda tr\u00ean ch\u00e2n tr\u01b0\u1edbc, n\u00f3 ph\u1ea7n th\u1ecbt \u0111\u01b0\u1ee3c c\u1eaft t\u1eeb n\u1eb1m \u1edf ph\u1ea7n n\u1ea1c vai b\u00f2 gi\u1eefa x\u01b0\u01a1ng s\u1ed1 5 v\u00e0 s\u1ed1 6. To\u00e0n b\u1ed9 x\u01b0\u01a1ng v\u00e0 s\u1ee5n c\u0169ng nh\u01b0 ph\u1ea7n g\u00e2n ngo\u00e0i \u0111\u00e3 \u0111\u01b0\u1ee3c lo\u1ea1i b\u1ecf.<\/p>\n<div id=\"simple-translate\">\n<div>\n<div class=\"simple-translate-button \"><\/div>\n<div class=\"simple-translate-panel \">\n<div class=\"simple-translate-result-wrapper\">\n<p class=\"simple-translate-result\">\n<p class=\"simple-translate-candidate\">\n<\/div>\n<\/div>\n<\/div>\n<\/div>\n<div id=\"simple-translate\">\n<div>\n<div class=\"simple-translate-button \" style=\"background-image: url('moz-extension:\/\/618c6422-d008-3549-a264-d89f3ec8a894\/icons\/512.png'); height: 22px; width: 22px; top: 10px; left: 10px;\"><\/div>\n<div class=\"simple-translate-panel \" style=\"width: 300px; height: 200px; top: 0px; left: 0px; font-size: 13px; background-color: #ffffff;\">\n<div class=\"simple-translate-result-wrapper\" style=\"overflow: hidden;\">\n<p class=\"simple-translate-result\" style=\"color: #000000;\">\n<p class=\"simple-translate-candidate\" style=\"color: #737373;\">\n<\/div>\n<\/div>\n<\/div>\n<\/div>\n","protected":false},"featured_media":3406,"template":"","meta":[],"product_brand":[],"product_cat":[103],"product_tag":[],"class_list":{"0":"post-3412","1":"product","2":"type-product","3":"status-publish","4":"has-post-thumbnail","6":"product_cat-thi-bo","8":"first","9":"instock","10":"shipping-taxable","11":"product-type-simple"},"_links":{"self":[{"href":"https:\/\/gobutchers.com\/vi\/wp-json\/wp\/v2\/product\/3412","targetHints":{"allow":["GET"]}}],"collection":[{"href":"https:\/\/gobutchers.com\/vi\/wp-json\/wp\/v2\/product"}],"about":[{"href":"https:\/\/gobutchers.com\/vi\/wp-json\/wp\/v2\/types\/product"}],"wp:featuredmedia":[{"embeddable":true,"href":"https:\/\/gobutchers.com\/vi\/wp-json\/wp\/v2\/media\/3406"}],"wp:attachment":[{"href":"https:\/\/gobutchers.com\/vi\/wp-json\/wp\/v2\/media?parent=3412"}],"wp:term":[{"taxonomy":"product_brand","embeddable":true,"href":"https:\/\/gobutchers.com\/vi\/wp-json\/wp\/v2\/product_brand?post=3412"},{"taxonomy":"product_cat","embeddable":true,"href":"https:\/\/gobutchers.com\/vi\/wp-json\/wp\/v2\/product_cat?post=3412"},{"taxonomy":"product_tag","embeddable":true,"href":"https:\/\/gobutchers.com\/vi\/wp-json\/wp\/v2\/product_tag?post=3412"}],"curies":[{"name":"wp","href":"https:\/\/api.w.org\/{rel}","templated":true}]}}