{"id":3420,"date":"2019-09-28T17:40:38","date_gmt":"2019-09-28T17:40:38","guid":{"rendered":"https:\/\/gobutchers.com\/product\/nac-than-co-bo\/"},"modified":"2019-09-28T17:40:38","modified_gmt":"2019-09-28T17:40:38","slug":"nac-than-co-bo","status":"publish","type":"product","link":"https:\/\/gobutchers.com\/vi\/product\/nac-than-co-bo\/","title":{"rendered":"N\u1ea1c th\u0103n c\u1ed5 b\u00f2"},"content":{"rendered":"<p>L\u00e0\u00a0ph\u1ea7n th\u1ecbt \u0111\u01b0\u1edbc l\u1ea5y ra t\u1eeb ph\u1ea7n \u1ee9c vai b\u00f2, n\u1eb7ng c\u00e2n nh\u1ea5t so v\u1edbi c\u00e1c lo\u1ea1i th\u1ecbt kh\u00e1c. Th\u1ecbt n\u1ea1c vai r\u1ea5t n\u1ea1c, c\u00f3 th\u00eam c\u00e1c m\u00f4 m\u1ee1 tr\u1eafng xen v\u1edbi c\u00e1c m\u00f4 n\u1ea1c<\/p>\n<div id=\"simple-translate\">\n<div>\n<div class=\"simple-translate-button \" style=\"background-image: url('moz-extension:\/\/618c6422-d008-3549-a264-d89f3ec8a894\/icons\/512.png'); height: 22px; width: 22px; top: 10px; left: 10px;\"><\/div>\n<div class=\"simple-translate-panel \" style=\"width: 300px; height: 200px; top: 0px; left: 0px; font-size: 13px; background-color: #ffffff;\">\n<div class=\"simple-translate-result-wrapper\" style=\"overflow: hidden;\">\n<p class=\"simple-translate-result\" style=\"color: #000000;\">\n<p class=\"simple-translate-candidate\" style=\"color: #737373;\">\n<\/div>\n<\/div>\n<\/div>\n<\/div>\n","protected":false},"excerpt":{"rendered":"<p>L\u00e0\u00a0ph\u1ea7n th\u1ecbt \u0111\u01b0\u1edbc l\u1ea5y ra t\u1eeb ph\u1ea7n \u1ee9c vai b\u00f2, n\u1eb7ng c\u00e2n nh\u1ea5t so v\u1edbi c\u00e1c lo\u1ea1i th\u1ecbt kh\u00e1c. Th\u1ecbt n\u1ea1c vai r\u1ea5t n\u1ea1c, c\u00f3 th\u00eam c\u00e1c m\u00f4 m\u1ee1 tr\u1eafng xen v\u1edbi c\u00e1c m\u00f4 n\u1ea1c<\/p>\n<div id=\"simple-translate\">\n<div>\n<div class=\"simple-translate-button \" style=\"background-image: url('moz-extension:\/\/618c6422-d008-3549-a264-d89f3ec8a894\/icons\/512.png'); height: 22px; width: 22px; top: 10px; left: 10px;\"><\/div>\n<div class=\"simple-translate-panel \" style=\"width: 300px; height: 200px; top: 0px; left: 0px; font-size: 13px; background-color: #ffffff;\">\n<div class=\"simple-translate-result-wrapper\" style=\"overflow: hidden;\">\n<p class=\"simple-translate-result\" style=\"color: #000000;\">\n<p class=\"simple-translate-candidate\" style=\"color: #737373;\">\n<\/div>\n<\/div>\n<\/div>\n<\/div>\n","protected":false},"featured_media":3419,"template":"","meta":[],"product_brand":[],"product_cat":[103],"product_tag":[],"class_list":{"0":"post-3420","1":"product","2":"type-product","3":"status-publish","4":"has-post-thumbnail","6":"product_cat-thi-bo","8":"first","9":"instock","10":"shipping-taxable","11":"product-type-simple"},"_links":{"self":[{"href":"https:\/\/gobutchers.com\/vi\/wp-json\/wp\/v2\/product\/3420","targetHints":{"allow":["GET"]}}],"collection":[{"href":"https:\/\/gobutchers.com\/vi\/wp-json\/wp\/v2\/product"}],"about":[{"href":"https:\/\/gobutchers.com\/vi\/wp-json\/wp\/v2\/types\/product"}],"wp:featuredmedia":[{"embeddable":true,"href":"https:\/\/gobutchers.com\/vi\/wp-json\/wp\/v2\/media\/3419"}],"wp:attachment":[{"href":"https:\/\/gobutchers.com\/vi\/wp-json\/wp\/v2\/media?parent=3420"}],"wp:term":[{"taxonomy":"product_brand","embeddable":true,"href":"https:\/\/gobutchers.com\/vi\/wp-json\/wp\/v2\/product_brand?post=3420"},{"taxonomy":"product_cat","embeddable":true,"href":"https:\/\/gobutchers.com\/vi\/wp-json\/wp\/v2\/product_cat?post=3420"},{"taxonomy":"product_tag","embeddable":true,"href":"https:\/\/gobutchers.com\/vi\/wp-json\/wp\/v2\/product_tag?post=3420"}],"curies":[{"name":"wp","href":"https:\/\/api.w.org\/{rel}","templated":true}]}}