{"id":3436,"date":"2019-09-28T18:12:36","date_gmt":"2019-09-28T18:12:36","guid":{"rendered":"https:\/\/gobutchers.com\/product\/suon-non-thit-suon-co-xuong\/"},"modified":"2019-09-28T18:12:36","modified_gmt":"2019-09-28T18:12:36","slug":"suon-non-thit-suon-co-xuong","status":"publish","type":"product","link":"https:\/\/gobutchers.com\/vi\/product\/suon-non-thit-suon-co-xuong\/","title":{"rendered":"S\u01b0\u1eddn non\/ Th\u1ecbt s\u01b0\u1eddn c\u00f3 x\u01b0\u01a1ng"},"content":{"rendered":"<p>Th\u1ecbt s\u01b0\u1eddn c\u00f3 x\u01b0\u01a1ng\u00a0(hay s\u01b0\u1eddn non), l\u00e0 ph\u1ea7n th\u1ecbt c\u1ee7a x\u01b0\u01a1ng s\u01b0\u1eddn b\u00f2, \u0111\u00e2y l\u00e0 m\u1ed9t trong nh\u1eefng ph\u1ea7n ngon nh\u1ea5t, \u0111\u1eb7c bi\u1ec7t nh\u1ea5t c\u1ee7a con b\u00f2. Th\u1ecbt s\u01b0\u1eddn b\u00f2 ch\u1eafc nh\u01b0ng l\u1ea1i r\u1ea5t ng\u1ecdt, kh\u00f4ng h\u1ec1 c\u1ee9ng, m\u1ee1 xen trong th\u1ecbt s\u01b0\u1eddn b\u00f2 r\u1ea5t m\u1ec1m.<\/p>\n<div id=\"simple-translate\">\n<div>\n<div class=\"simple-translate-button \" style=\"background-image: url('moz-extension:\/\/618c6422-d008-3549-a264-d89f3ec8a894\/icons\/512.png'); height: 22px; width: 22px; top: 10px; left: 10px;\"><\/div>\n<div class=\"simple-translate-panel \" style=\"width: 300px; height: 200px; top: 0px; left: 0px; font-size: 13px; background-color: #ffffff;\">\n<div class=\"simple-translate-result-wrapper\" style=\"overflow: hidden;\">\n<p class=\"simple-translate-result\" style=\"color: #000000;\">\n<p class=\"simple-translate-candidate\" style=\"color: #737373;\">\n<\/div>\n<\/div>\n<\/div>\n<\/div>\n","protected":false},"excerpt":{"rendered":"<p>Th\u1ecbt s\u01b0\u1eddn c\u00f3 x\u01b0\u01a1ng\u00a0(hay s\u01b0\u1eddn non), l\u00e0 ph\u1ea7n th\u1ecbt c\u1ee7a x\u01b0\u01a1ng s\u01b0\u1eddn b\u00f2, \u0111\u00e2y l\u00e0 m\u1ed9t trong nh\u1eefng ph\u1ea7n ngon nh\u1ea5t, \u0111\u1eb7c bi\u1ec7t nh\u1ea5t c\u1ee7a con b\u00f2. Th\u1ecbt s\u01b0\u1eddn b\u00f2 ch\u1eafc nh\u01b0ng l\u1ea1i r\u1ea5t ng\u1ecdt, kh\u00f4ng h\u1ec1 c\u1ee9ng, m\u1ee1 xen trong th\u1ecbt s\u01b0\u1eddn b\u00f2 r\u1ea5t m\u1ec1m.<\/p>\n<div id=\"simple-translate\">\n<div>\n<div class=\"simple-translate-button \" style=\"background-image: url('moz-extension:\/\/618c6422-d008-3549-a264-d89f3ec8a894\/icons\/512.png'); height: 22px; width: 22px; top: 10px; left: 10px;\"><\/div>\n<div class=\"simple-translate-panel \" style=\"width: 300px; height: 200px; top: 0px; left: 0px; font-size: 13px; background-color: #ffffff;\">\n<div class=\"simple-translate-result-wrapper\" style=\"overflow: hidden;\">\n<p class=\"simple-translate-result\" style=\"color: #000000;\">\n<p class=\"simple-translate-candidate\" style=\"color: #737373;\">\n<\/div>\n<\/div>\n<\/div>\n<\/div>\n","protected":false},"featured_media":3433,"template":"","meta":[],"product_brand":[],"product_cat":[103],"product_tag":[],"class_list":{"0":"post-3436","1":"product","2":"type-product","3":"status-publish","4":"has-post-thumbnail","6":"product_cat-thi-bo","8":"first","9":"instock","10":"shipping-taxable","11":"product-type-simple"},"_links":{"self":[{"href":"https:\/\/gobutchers.com\/vi\/wp-json\/wp\/v2\/product\/3436","targetHints":{"allow":["GET"]}}],"collection":[{"href":"https:\/\/gobutchers.com\/vi\/wp-json\/wp\/v2\/product"}],"about":[{"href":"https:\/\/gobutchers.com\/vi\/wp-json\/wp\/v2\/types\/product"}],"wp:featuredmedia":[{"embeddable":true,"href":"https:\/\/gobutchers.com\/vi\/wp-json\/wp\/v2\/media\/3433"}],"wp:attachment":[{"href":"https:\/\/gobutchers.com\/vi\/wp-json\/wp\/v2\/media?parent=3436"}],"wp:term":[{"taxonomy":"product_brand","embeddable":true,"href":"https:\/\/gobutchers.com\/vi\/wp-json\/wp\/v2\/product_brand?post=3436"},{"taxonomy":"product_cat","embeddable":true,"href":"https:\/\/gobutchers.com\/vi\/wp-json\/wp\/v2\/product_cat?post=3436"},{"taxonomy":"product_tag","embeddable":true,"href":"https:\/\/gobutchers.com\/vi\/wp-json\/wp\/v2\/product_tag?post=3436"}],"curies":[{"name":"wp","href":"https:\/\/api.w.org\/{rel}","templated":true}]}}