{"id":3440,"date":"2019-09-28T18:15:25","date_gmt":"2019-09-28T18:15:25","guid":{"rendered":"https:\/\/gobutchers.com\/product\/suon-rut-xuong-nam-suon\/"},"modified":"2019-09-28T18:15:25","modified_gmt":"2019-09-28T18:15:25","slug":"suon-rut-xuong-nam-suon","status":"publish","type":"product","link":"https:\/\/gobutchers.com\/vi\/product\/suon-rut-xuong-nam-suon\/","title":{"rendered":"S\u01b0\u1eddn r\u00fat x\u01b0\u01a1ng\/ n\u1ea1m s\u01b0\u1eddn"},"content":{"rendered":"<p>S\u01b0\u1eddn b\u1ee5ng hay s\u01b0\u1eddn b\u00f2 r\u00fat x\u01b0\u01a1ng l\u00e0 ph\u1ea7n th\u1ecbt \u0111\u01b0\u1ee3c<br \/>\nr\u00fat b\u1ecf ph\u1ea7n x\u01b0\u01a1ng, c\u00f3 nhi\u1ec1u m\u1ee1 d\u1eaft n\u00ean th\u1ecbt c\u00f3 \u0111\u1ed9 m\u1ec1m. S\u01b0\u1eddn b\u1ee5ng c\u00f3 \u0111\u1ed9 dai c\u1ee7a mi\u1ebfng th\u1ecbt cao h\u01a1n nh\u1eefng ph\u1ea7n th\u1ecbt ch\u1ea5t l\u01b0\u1ee3ng kh\u00e1c, ng\u01b0\u1eddi ta c\u00f3 th\u1ec3 c\u1eaft ch\u00fang th\u00e0nh c\u00e1c l\u1edbp m\u1ecfng m\u00e0 kh\u00f4ng c\u1ea7n ph\u1ea3i theo th\u1edb th\u1ecbt.<\/p>\n<div id=\"simple-translate\">\n<div>\n<div class=\"simple-translate-button \" style=\"background-image: url('moz-extension:\/\/618c6422-d008-3549-a264-d89f3ec8a894\/icons\/512.png'); height: 22px; width: 22px; top: 10px; left: 10px;\"><\/div>\n<div class=\"simple-translate-panel \" style=\"width: 300px; height: 200px; top: 0px; left: 0px; font-size: 13px; background-color: #ffffff;\">\n<div class=\"simple-translate-result-wrapper\" style=\"overflow: hidden;\">\n<p class=\"simple-translate-result\" style=\"color: #000000;\">\n<p class=\"simple-translate-candidate\" style=\"color: #737373;\">\n<\/div>\n<\/div>\n<\/div>\n<\/div>\n","protected":false},"excerpt":{"rendered":"<p>S\u01b0\u1eddn b\u1ee5ng hay s\u01b0\u1eddn b\u00f2 r\u00fat x\u01b0\u01a1ng l\u00e0 ph\u1ea7n th\u1ecbt \u0111\u01b0\u1ee3c<br \/>\nr\u00fat b\u1ecf ph\u1ea7n x\u01b0\u01a1ng, c\u00f3 nhi\u1ec1u m\u1ee1 d\u1eaft n\u00ean th\u1ecbt c\u00f3 \u0111\u1ed9 m\u1ec1m. S\u01b0\u1eddn b\u1ee5ng c\u00f3 \u0111\u1ed9 dai c\u1ee7a mi\u1ebfng th\u1ecbt cao h\u01a1n nh\u1eefng ph\u1ea7n th\u1ecbt ch\u1ea5t l\u01b0\u1ee3ng kh\u00e1c, ng\u01b0\u1eddi ta c\u00f3 th\u1ec3 c\u1eaft ch\u00fang th\u00e0nh c\u00e1c l\u1edbp m\u1ecfng m\u00e0 kh\u00f4ng c\u1ea7n ph\u1ea3i theo th\u1edb th\u1ecbt.<\/p>\n<div id=\"simple-translate\">\n<div>\n<div class=\"simple-translate-button \" style=\"background-image: url('moz-extension:\/\/618c6422-d008-3549-a264-d89f3ec8a894\/icons\/512.png'); height: 22px; width: 22px; top: 10px; left: 10px;\"><\/div>\n<div class=\"simple-translate-panel \" style=\"width: 300px; height: 200px; top: 0px; left: 0px; font-size: 13px; background-color: #ffffff;\">\n<div class=\"simple-translate-result-wrapper\" style=\"overflow: hidden;\">\n<p class=\"simple-translate-result\" style=\"color: #000000;\">\n<p class=\"simple-translate-candidate\" style=\"color: #737373;\">\n<\/div>\n<\/div>\n<\/div>\n<\/div>\n","protected":false},"featured_media":3439,"template":"","meta":[],"product_brand":[],"product_cat":[103],"product_tag":[],"class_list":{"0":"post-3440","1":"product","2":"type-product","3":"status-publish","4":"has-post-thumbnail","6":"product_cat-thi-bo","8":"first","9":"instock","10":"shipping-taxable","11":"product-type-simple"},"_links":{"self":[{"href":"https:\/\/gobutchers.com\/vi\/wp-json\/wp\/v2\/product\/3440","targetHints":{"allow":["GET"]}}],"collection":[{"href":"https:\/\/gobutchers.com\/vi\/wp-json\/wp\/v2\/product"}],"about":[{"href":"https:\/\/gobutchers.com\/vi\/wp-json\/wp\/v2\/types\/product"}],"wp:featuredmedia":[{"embeddable":true,"href":"https:\/\/gobutchers.com\/vi\/wp-json\/wp\/v2\/media\/3439"}],"wp:attachment":[{"href":"https:\/\/gobutchers.com\/vi\/wp-json\/wp\/v2\/media?parent=3440"}],"wp:term":[{"taxonomy":"product_brand","embeddable":true,"href":"https:\/\/gobutchers.com\/vi\/wp-json\/wp\/v2\/product_brand?post=3440"},{"taxonomy":"product_cat","embeddable":true,"href":"https:\/\/gobutchers.com\/vi\/wp-json\/wp\/v2\/product_cat?post=3440"},{"taxonomy":"product_tag","embeddable":true,"href":"https:\/\/gobutchers.com\/vi\/wp-json\/wp\/v2\/product_tag?post=3440"}],"curies":[{"name":"wp","href":"https:\/\/api.w.org\/{rel}","templated":true}]}}