{"id":3465,"date":"2019-09-28T19:23:14","date_gmt":"2019-09-28T19:23:14","guid":{"rendered":"https:\/\/gobutchers.com\/product\/thit-hong-than-bung\/"},"modified":"2019-09-28T19:23:14","modified_gmt":"2019-09-28T19:23:14","slug":"thit-hong-than-bung","status":"publish","type":"product","link":"https:\/\/gobutchers.com\/vi\/product\/thit-hong-than-bung\/","title":{"rendered":"Th\u1ecbt h\u00f4ng\/ th\u0103n b\u1ee5ng"},"content":{"rendered":"<p>L\u00e0 nh\u1eefng ph\u1ea7n th\u1ecbt t\u1eeb h\u00f4ng v\u00e0 th\u1ecbt t\u00e1ch t\u1eeb s\u01b0\u1eddn c\u1ee7a con b\u00f2. Bao quanh ph\u1ea7n th\u1ecbt b\u1ee5ng l\u00e0 m\u1ed9t b\u00f3 c\u01a1 ho\u00e0nh c\u1ee7a con b\u00f2, \u0111\u01b0\u1ee3c c\u1eaft ra t\u1eeb ph\u1ea7n b\u1ee5ng tr\u01b0\u1edbc, b\u00ean trong mi\u1ebfng th\u1ecbt b\u1ee5ng bao g\u1ed3m c\u1ea3 ph\u1ea7n s\u01b0\u1eddn b\u00f2, \u0111i k\u00e8m l\u00e0 m\u1ed9t l\u1edbp m\u00e0ng d\u00ednh li\u1ec1n v\u1edbi n\u00f3, ng\u01b0\u1eddi ta th\u01b0\u1eddng c\u1eaft b\u1ecf l\u1edbp m\u00e0ng n\u00e0y tr\u01b0\u1edbc khi ch\u1ebf bi\u1ebfn ch\u00fang. \u0110\u00e2y l\u00e0 l\u00e0 ph\u1ea7n th\u1ecbt g\u1ea7n gi\u1ed1ng nh\u01b0 ba r\u1ecdi, c\u00f3 m\u1ee1 v\u00e0 g\u00e2n.<\/p>\n<div id=\"simple-translate\">\n<div>\n<div class=\"simple-translate-button \" style=\"background-image: url('moz-extension:\/\/618c6422-d008-3549-a264-d89f3ec8a894\/icons\/512.png'); height: 22px; width: 22px; top: 10px; left: 10px;\"><\/div>\n<div class=\"simple-translate-panel \" style=\"width: 300px; height: 200px; top: 0px; left: 0px; font-size: 13px; background-color: #ffffff;\">\n<div class=\"simple-translate-result-wrapper\" style=\"overflow: hidden;\">\n<p class=\"simple-translate-result\" style=\"color: #000000;\">\n<p class=\"simple-translate-candidate\" style=\"color: #737373;\">\n<\/div>\n<\/div>\n<\/div>\n<\/div>\n","protected":false},"excerpt":{"rendered":"<p>L\u00e0 nh\u1eefng ph\u1ea7n th\u1ecbt t\u1eeb h\u00f4ng v\u00e0 th\u1ecbt t\u00e1ch t\u1eeb s\u01b0\u1eddn c\u1ee7a con b\u00f2. Bao quanh ph\u1ea7n th\u1ecbt b\u1ee5ng l\u00e0 m\u1ed9t b\u00f3 c\u01a1 ho\u00e0nh c\u1ee7a con b\u00f2, \u0111\u01b0\u1ee3c c\u1eaft ra t\u1eeb ph\u1ea7n b\u1ee5ng tr\u01b0\u1edbc, b\u00ean trong mi\u1ebfng th\u1ecbt b\u1ee5ng bao g\u1ed3m c\u1ea3 ph\u1ea7n s\u01b0\u1eddn b\u00f2, \u0111i k\u00e8m l\u00e0 m\u1ed9t l\u1edbp m\u00e0ng d\u00ednh li\u1ec1n v\u1edbi n\u00f3, ng\u01b0\u1eddi ta th\u01b0\u1eddng c\u1eaft b\u1ecf l\u1edbp m\u00e0ng n\u00e0y tr\u01b0\u1edbc khi ch\u1ebf bi\u1ebfn ch\u00fang. \u0110\u00e2y l\u00e0 l\u00e0 ph\u1ea7n th\u1ecbt g\u1ea7n gi\u1ed1ng nh\u01b0 ba r\u1ecdi, c\u00f3 m\u1ee1 v\u00e0 g\u00e2n.<\/p>\n<div id=\"simple-translate\">\n<div>\n<div class=\"simple-translate-button \" style=\"background-image: url('moz-extension:\/\/618c6422-d008-3549-a264-d89f3ec8a894\/icons\/512.png'); height: 22px; width: 22px; top: 10px; left: 10px;\"><\/div>\n<div class=\"simple-translate-panel \" style=\"width: 300px; height: 200px; top: 0px; left: 0px; font-size: 13px; background-color: #ffffff;\">\n<div class=\"simple-translate-result-wrapper\" style=\"overflow: hidden;\">\n<p class=\"simple-translate-result\" style=\"color: #000000;\">\n<p class=\"simple-translate-candidate\" style=\"color: #737373;\">\n<\/div>\n<\/div>\n<\/div>\n<\/div>\n","protected":false},"featured_media":3462,"template":"","meta":[],"product_brand":[],"product_cat":[103],"product_tag":[],"class_list":{"0":"post-3465","1":"product","2":"type-product","3":"status-publish","4":"has-post-thumbnail","6":"product_cat-thi-bo","8":"first","9":"instock","10":"shipping-taxable","11":"product-type-simple"},"_links":{"self":[{"href":"https:\/\/gobutchers.com\/vi\/wp-json\/wp\/v2\/product\/3465","targetHints":{"allow":["GET"]}}],"collection":[{"href":"https:\/\/gobutchers.com\/vi\/wp-json\/wp\/v2\/product"}],"about":[{"href":"https:\/\/gobutchers.com\/vi\/wp-json\/wp\/v2\/types\/product"}],"wp:featuredmedia":[{"embeddable":true,"href":"https:\/\/gobutchers.com\/vi\/wp-json\/wp\/v2\/media\/3462"}],"wp:attachment":[{"href":"https:\/\/gobutchers.com\/vi\/wp-json\/wp\/v2\/media?parent=3465"}],"wp:term":[{"taxonomy":"product_brand","embeddable":true,"href":"https:\/\/gobutchers.com\/vi\/wp-json\/wp\/v2\/product_brand?post=3465"},{"taxonomy":"product_cat","embeddable":true,"href":"https:\/\/gobutchers.com\/vi\/wp-json\/wp\/v2\/product_cat?post=3465"},{"taxonomy":"product_tag","embeddable":true,"href":"https:\/\/gobutchers.com\/vi\/wp-json\/wp\/v2\/product_tag?post=3465"}],"curies":[{"name":"wp","href":"https:\/\/api.w.org\/{rel}","templated":true}]}}