{"id":3475,"date":"2019-09-28T19:28:47","date_gmt":"2019-09-28T19:28:47","guid":{"rendered":"https:\/\/gobutchers.com\/product\/thit-than-noi-than-fillet\/"},"modified":"2019-09-28T19:28:47","modified_gmt":"2019-09-28T19:28:47","slug":"thit-than-noi-than-fillet","status":"publish","type":"product","link":"https:\/\/gobutchers.com\/vi\/product\/thit-than-noi-than-fillet\/","title":{"rendered":"Th\u1ecbt th\u0103n n\u1ed9i\/ th\u0103n fillet"},"content":{"rendered":"<p>L\u00e0 ph\u1ea7n th\u1ecbt \u0111\u01b0\u1ee3c c\u1eaft ra t\u1eeb ph\u1ea7n l\u01b0ng ph\u00eda trong c\u1ee7a b\u00f2, \u0111\u1eb7c bi\u1ec7t l\u00e0 \u1edf ph\u1ea7n cu\u1ed1i th\u1eaft l\u01b0ng. Th\u1ecbt th\u0103n b\u00f2 th\u01b0\u1eddng \u0111\u01b0\u1ee3c \u01b0a chu\u1ed9ng b\u1edfi \u0111\u00f3 l\u00e0 lo\u1ea1i th\u1ecbt b\u00f2 m\u1ec1m v\u00e0 nhi\u1ec1u n\u1ea1c nh\u1ea5t.<\/p>\n<div id=\"simple-translate\">\n<div>\n<div class=\"simple-translate-button \" style=\"background-image: url('moz-extension:\/\/618c6422-d008-3549-a264-d89f3ec8a894\/icons\/512.png'); height: 22px; width: 22px; top: 10px; left: 10px;\"><\/div>\n<div class=\"simple-translate-panel \" style=\"width: 300px; height: 200px; top: 0px; left: 0px; font-size: 13px; background-color: #ffffff;\">\n<div class=\"simple-translate-result-wrapper\" style=\"overflow: hidden;\">\n<p class=\"simple-translate-result\" style=\"color: #000000;\">\n<p class=\"simple-translate-candidate\" style=\"color: #737373;\">\n<\/div>\n<\/div>\n<\/div>\n<\/div>\n","protected":false},"excerpt":{"rendered":"<p>L\u00e0 ph\u1ea7n th\u1ecbt \u0111\u01b0\u1ee3c c\u1eaft ra t\u1eeb ph\u1ea7n l\u01b0ng ph\u00eda trong c\u1ee7a b\u00f2, \u0111\u1eb7c bi\u1ec7t l\u00e0 \u1edf ph\u1ea7n cu\u1ed1i th\u1eaft l\u01b0ng. Th\u1ecbt th\u0103n b\u00f2 th\u01b0\u1eddng \u0111\u01b0\u1ee3c \u01b0a chu\u1ed9ng b\u1edfi \u0111\u00f3 l\u00e0 lo\u1ea1i th\u1ecbt b\u00f2 m\u1ec1m v\u00e0 nhi\u1ec1u n\u1ea1c nh\u1ea5t.<\/p>\n<div id=\"simple-translate\">\n<div>\n<div class=\"simple-translate-button \" style=\"background-image: url('moz-extension:\/\/618c6422-d008-3549-a264-d89f3ec8a894\/icons\/512.png'); height: 22px; width: 22px; top: 10px; left: 10px;\"><\/div>\n<div class=\"simple-translate-panel \" style=\"width: 300px; height: 200px; top: 0px; left: 0px; font-size: 13px; background-color: #ffffff;\">\n<div class=\"simple-translate-result-wrapper\" style=\"overflow: hidden;\">\n<p class=\"simple-translate-result\" style=\"color: #000000;\">\n<p class=\"simple-translate-candidate\" style=\"color: #737373;\">\n<\/div>\n<\/div>\n<\/div>\n<\/div>\n","protected":false},"featured_media":3474,"template":"","meta":[],"product_brand":[],"product_cat":[103],"product_tag":[],"class_list":{"0":"post-3475","1":"product","2":"type-product","3":"status-publish","4":"has-post-thumbnail","6":"product_cat-thi-bo","8":"first","9":"instock","10":"shipping-taxable","11":"product-type-simple"},"_links":{"self":[{"href":"https:\/\/gobutchers.com\/vi\/wp-json\/wp\/v2\/product\/3475","targetHints":{"allow":["GET"]}}],"collection":[{"href":"https:\/\/gobutchers.com\/vi\/wp-json\/wp\/v2\/product"}],"about":[{"href":"https:\/\/gobutchers.com\/vi\/wp-json\/wp\/v2\/types\/product"}],"wp:featuredmedia":[{"embeddable":true,"href":"https:\/\/gobutchers.com\/vi\/wp-json\/wp\/v2\/media\/3474"}],"wp:attachment":[{"href":"https:\/\/gobutchers.com\/vi\/wp-json\/wp\/v2\/media?parent=3475"}],"wp:term":[{"taxonomy":"product_brand","embeddable":true,"href":"https:\/\/gobutchers.com\/vi\/wp-json\/wp\/v2\/product_brand?post=3475"},{"taxonomy":"product_cat","embeddable":true,"href":"https:\/\/gobutchers.com\/vi\/wp-json\/wp\/v2\/product_cat?post=3475"},{"taxonomy":"product_tag","embeddable":true,"href":"https:\/\/gobutchers.com\/vi\/wp-json\/wp\/v2\/product_tag?post=3475"}],"curies":[{"name":"wp","href":"https:\/\/api.w.org\/{rel}","templated":true}]}}