{"id":3483,"date":"2019-09-28T19:31:08","date_gmt":"2019-09-28T19:31:08","guid":{"rendered":"https:\/\/gobutchers.com\/product\/thit-than-ngoai\/"},"modified":"2019-09-28T19:31:08","modified_gmt":"2019-09-28T19:31:08","slug":"thit-than-ngoai","status":"publish","type":"product","link":"https:\/\/gobutchers.com\/vi\/product\/thit-than-ngoai\/","title":{"rendered":"Th\u1ecbt th\u0103n ngo\u1ea1i"},"content":{"rendered":"<p>\u0110\u00e2y l\u00e0 ph\u1ea7n n\u1ea1c \u0111\u01b0\u1ee3c l\u1ea5y t\u1eeb l\u01b0ng c\u1ee7a b\u00f2. L\u00e0 ph\u1ea7n th\u1ecbt \u0111\u01b0\u1ee3c c\u1eaft ra t\u1eeb ph\u1ea7n th\u0103n tr\u00ean khi \u0111\u00e3 t\u00e1ch ri\u00eang ph\u1ea7n th\u0103n n\u1ed9i, to\u00e0n b\u1ed9 x\u01b0\u01a1ng v\u00e0 s\u1ee5n, b\u1ed9 ph\u1eadn n\u00e0y h\u1ea7u nh\u01b0 l\u00e0 to\u00e0n ph\u1ea7n th\u1ecbt n\u1ea1c.<\/p>\n<div id=\"simple-translate\">\n<div>\n<div class=\"simple-translate-button \" style=\"background-image: url('moz-extension:\/\/618c6422-d008-3549-a264-d89f3ec8a894\/icons\/512.png'); height: 22px; width: 22px; top: 10px; left: 10px;\"><\/div>\n<div class=\"simple-translate-panel \" style=\"width: 300px; height: 200px; top: 0px; left: 0px; font-size: 13px; background-color: #ffffff;\">\n<div class=\"simple-translate-result-wrapper\" style=\"overflow: hidden;\">\n<p class=\"simple-translate-result\" style=\"color: #000000;\">\n<p class=\"simple-translate-candidate\" style=\"color: #737373;\">\n<\/div>\n<\/div>\n<\/div>\n<\/div>\n","protected":false},"excerpt":{"rendered":"<p>\u0110\u00e2y l\u00e0 ph\u1ea7n n\u1ea1c \u0111\u01b0\u1ee3c l\u1ea5y t\u1eeb l\u01b0ng c\u1ee7a b\u00f2. L\u00e0 ph\u1ea7n th\u1ecbt \u0111\u01b0\u1ee3c c\u1eaft ra t\u1eeb ph\u1ea7n th\u0103n tr\u00ean khi \u0111\u00e3 t\u00e1ch ri\u00eang ph\u1ea7n th\u0103n n\u1ed9i, to\u00e0n b\u1ed9 x\u01b0\u01a1ng v\u00e0 s\u1ee5n, b\u1ed9 ph\u1eadn n\u00e0y h\u1ea7u nh\u01b0 l\u00e0 to\u00e0n ph\u1ea7n th\u1ecbt n\u1ea1c.<\/p>\n<div id=\"simple-translate\">\n<div>\n<div class=\"simple-translate-button \" style=\"background-image: url('moz-extension:\/\/618c6422-d008-3549-a264-d89f3ec8a894\/icons\/512.png'); height: 22px; width: 22px; top: 10px; left: 10px;\"><\/div>\n<div class=\"simple-translate-panel \" style=\"width: 300px; height: 200px; top: 0px; left: 0px; font-size: 13px; background-color: #ffffff;\">\n<div class=\"simple-translate-result-wrapper\" style=\"overflow: hidden;\">\n<p class=\"simple-translate-result\" style=\"color: #000000;\">\n<p class=\"simple-translate-candidate\" style=\"color: #737373;\">\n<\/div>\n<\/div>\n<\/div>\n<\/div>\n","protected":false},"featured_media":3482,"template":"","meta":[],"product_brand":[],"product_cat":[103],"product_tag":[],"class_list":{"0":"post-3483","1":"product","2":"type-product","3":"status-publish","4":"has-post-thumbnail","6":"product_cat-thi-bo","8":"first","9":"instock","10":"shipping-taxable","11":"product-type-simple"},"_links":{"self":[{"href":"https:\/\/gobutchers.com\/vi\/wp-json\/wp\/v2\/product\/3483","targetHints":{"allow":["GET"]}}],"collection":[{"href":"https:\/\/gobutchers.com\/vi\/wp-json\/wp\/v2\/product"}],"about":[{"href":"https:\/\/gobutchers.com\/vi\/wp-json\/wp\/v2\/types\/product"}],"wp:featuredmedia":[{"embeddable":true,"href":"https:\/\/gobutchers.com\/vi\/wp-json\/wp\/v2\/media\/3482"}],"wp:attachment":[{"href":"https:\/\/gobutchers.com\/vi\/wp-json\/wp\/v2\/media?parent=3483"}],"wp:term":[{"taxonomy":"product_brand","embeddable":true,"href":"https:\/\/gobutchers.com\/vi\/wp-json\/wp\/v2\/product_brand?post=3483"},{"taxonomy":"product_cat","embeddable":true,"href":"https:\/\/gobutchers.com\/vi\/wp-json\/wp\/v2\/product_cat?post=3483"},{"taxonomy":"product_tag","embeddable":true,"href":"https:\/\/gobutchers.com\/vi\/wp-json\/wp\/v2\/product_tag?post=3483"}],"curies":[{"name":"wp","href":"https:\/\/api.w.org\/{rel}","templated":true}]}}