{"id":3499,"date":"2019-09-28T19:35:28","date_gmt":"2019-09-28T19:35:28","guid":{"rendered":"https:\/\/gobutchers.com\/product\/bit-tet-than-dui-tren\/"},"modified":"2019-09-28T19:35:28","modified_gmt":"2019-09-28T19:35:28","slug":"bit-tet-than-dui-tren","status":"publish","type":"product","link":"https:\/\/gobutchers.com\/vi\/product\/bit-tet-than-dui-tren\/","title":{"rendered":"B\u00edt t\u1ebft th\u0103n \u0111\u00f9i tr\u00ean"},"content":{"rendered":"<p>Mi\u1ebfng th\u1ecbt n\u00e0y \u0111\u01b0\u1ee3c c\u1eaft t\u1eeb ph\u1ea7n m\u00f4ng tr\u00ean c\u1ee7a con b\u00f2. N\u00f3 c\u00f3 h\u00ecnh d\u1ea1ng tr\u00f2n, v\u00e0 c\u00f3 th\u1ec3 ho\u1eb7c kh\u00f4ng \u0111i k\u00e8m v\u1edbi x\u01b0\u01a1ng.<\/p>\n<div id=\"simple-translate\">\n<div>\n<div class=\"simple-translate-button \" style=\"background-image: url('moz-extension:\/\/618c6422-d008-3549-a264-d89f3ec8a894\/icons\/512.png'); height: 22px; width: 22px; top: 10px; left: 10px;\"><\/div>\n<div class=\"simple-translate-panel \" style=\"width: 300px; height: 200px; top: 0px; left: 0px; font-size: 13px; background-color: #ffffff;\">\n<div class=\"simple-translate-result-wrapper\" style=\"overflow: hidden;\">\n<p class=\"simple-translate-result\" style=\"color: #000000;\">\n<p class=\"simple-translate-candidate\" style=\"color: #737373;\">\n<\/div>\n<\/div>\n<\/div>\n<\/div>\n","protected":false},"excerpt":{"rendered":"<p>Mi\u1ebfng th\u1ecbt n\u00e0y \u0111\u01b0\u1ee3c c\u1eaft t\u1eeb ph\u1ea7n m\u00f4ng tr\u00ean c\u1ee7a con b\u00f2. N\u00f3 c\u00f3 h\u00ecnh d\u1ea1ng tr\u00f2n, v\u00e0 c\u00f3 th\u1ec3 ho\u1eb7c kh\u00f4ng \u0111i k\u00e8m v\u1edbi x\u01b0\u01a1ng.<\/p>\n<div id=\"simple-translate\">\n<div>\n<div class=\"simple-translate-button \" style=\"background-image: url('moz-extension:\/\/618c6422-d008-3549-a264-d89f3ec8a894\/icons\/512.png'); height: 22px; width: 22px; top: 10px; left: 10px;\"><\/div>\n<div class=\"simple-translate-panel \" style=\"width: 300px; height: 200px; top: 0px; left: 0px; font-size: 13px; background-color: #ffffff;\">\n<div class=\"simple-translate-result-wrapper\" style=\"overflow: hidden;\">\n<p class=\"simple-translate-result\" style=\"color: #000000;\">\n<p class=\"simple-translate-candidate\" style=\"color: #737373;\">\n<\/div>\n<\/div>\n<\/div>\n<\/div>\n","protected":false},"featured_media":3496,"template":"","meta":[],"product_brand":[],"product_cat":[103],"product_tag":[],"class_list":{"0":"post-3499","1":"product","2":"type-product","3":"status-publish","4":"has-post-thumbnail","6":"product_cat-thi-bo","8":"first","9":"instock","10":"shipping-taxable","11":"product-type-simple"},"_links":{"self":[{"href":"https:\/\/gobutchers.com\/vi\/wp-json\/wp\/v2\/product\/3499","targetHints":{"allow":["GET"]}}],"collection":[{"href":"https:\/\/gobutchers.com\/vi\/wp-json\/wp\/v2\/product"}],"about":[{"href":"https:\/\/gobutchers.com\/vi\/wp-json\/wp\/v2\/types\/product"}],"wp:featuredmedia":[{"embeddable":true,"href":"https:\/\/gobutchers.com\/vi\/wp-json\/wp\/v2\/media\/3496"}],"wp:attachment":[{"href":"https:\/\/gobutchers.com\/vi\/wp-json\/wp\/v2\/media?parent=3499"}],"wp:term":[{"taxonomy":"product_brand","embeddable":true,"href":"https:\/\/gobutchers.com\/vi\/wp-json\/wp\/v2\/product_brand?post=3499"},{"taxonomy":"product_cat","embeddable":true,"href":"https:\/\/gobutchers.com\/vi\/wp-json\/wp\/v2\/product_cat?post=3499"},{"taxonomy":"product_tag","embeddable":true,"href":"https:\/\/gobutchers.com\/vi\/wp-json\/wp\/v2\/product_tag?post=3499"}],"curies":[{"name":"wp","href":"https:\/\/api.w.org\/{rel}","templated":true}]}}