{"id":3503,"date":"2019-09-28T19:36:34","date_gmt":"2019-09-28T19:36:34","guid":{"rendered":"https:\/\/gobutchers.com\/product\/than-dui-trong-rut-xuong\/"},"modified":"2019-09-28T19:36:34","modified_gmt":"2019-09-28T19:36:34","slug":"than-dui-trong-rut-xuong","status":"publish","type":"product","link":"https:\/\/gobutchers.com\/vi\/product\/than-dui-trong-rut-xuong\/","title":{"rendered":"Th\u0103n \u0111\u00f9i trong r\u00fat x\u01b0\u01a1ng"},"content":{"rendered":"<p>L\u00e0 ph\u1ea7n th\u1ecbt \u0111\u01b0\u1ee3c l\u1ea5y t\u1eeb m\u00f4ng c\u1ee7a con b\u00f2 v\u00e0 cho ra n\u1ea1m b\u00f2. \u0110\u00e2y l\u00e0 ph\u1ea7n tr\u00ean c\u00f9ng c\u1ee7a t\u1ea3ng m\u00f4ng, kh\u00f4ng c\u00f3 x\u01b0\u01a1ng, th\u01b0\u1eddng r\u1ea5t n\u1ea1c v\u1edbi m\u1ed9t l\u1edbp m\u1ee1 ph\u1ee7 \u1edf m\u1eb7t tr\u00ean.<\/p>\n<div id=\"simple-translate\">\n<div>\n<div class=\"simple-translate-button \" style=\"background-image: url('moz-extension:\/\/618c6422-d008-3549-a264-d89f3ec8a894\/icons\/512.png'); height: 22px; width: 22px; top: 10px; left: 10px;\"><\/div>\n<div class=\"simple-translate-panel \" style=\"width: 300px; height: 200px; top: 0px; left: 0px; font-size: 13px; background-color: #ffffff;\">\n<div class=\"simple-translate-result-wrapper\" style=\"overflow: hidden;\">\n<p class=\"simple-translate-result\" style=\"color: #000000;\">\n<p class=\"simple-translate-candidate\" style=\"color: #737373;\">\n<\/div>\n<\/div>\n<\/div>\n<\/div>\n","protected":false},"excerpt":{"rendered":"<p>L\u00e0 ph\u1ea7n th\u1ecbt \u0111\u01b0\u1ee3c l\u1ea5y t\u1eeb m\u00f4ng c\u1ee7a con b\u00f2 v\u00e0 cho ra n\u1ea1m b\u00f2. \u0110\u00e2y l\u00e0 ph\u1ea7n tr\u00ean c\u00f9ng c\u1ee7a t\u1ea3ng m\u00f4ng, kh\u00f4ng c\u00f3 x\u01b0\u01a1ng, th\u01b0\u1eddng r\u1ea5t n\u1ea1c v\u1edbi m\u1ed9t l\u1edbp m\u1ee1 ph\u1ee7 \u1edf m\u1eb7t tr\u00ean.<\/p>\n<div id=\"simple-translate\">\n<div>\n<div class=\"simple-translate-button \" style=\"background-image: url('moz-extension:\/\/618c6422-d008-3549-a264-d89f3ec8a894\/icons\/512.png'); height: 22px; width: 22px; top: 10px; left: 10px;\"><\/div>\n<div class=\"simple-translate-panel \" style=\"width: 300px; height: 200px; top: 0px; left: 0px; font-size: 13px; background-color: #ffffff;\">\n<div class=\"simple-translate-result-wrapper\" style=\"overflow: hidden;\">\n<p class=\"simple-translate-result\" style=\"color: #000000;\">\n<p class=\"simple-translate-candidate\" style=\"color: #737373;\">\n<\/div>\n<\/div>\n<\/div>\n<\/div>\n","protected":false},"featured_media":3502,"template":"","meta":[],"product_brand":[],"product_cat":[103],"product_tag":[],"class_list":{"0":"post-3503","1":"product","2":"type-product","3":"status-publish","4":"has-post-thumbnail","6":"product_cat-thi-bo","8":"first","9":"instock","10":"shipping-taxable","11":"product-type-simple"},"_links":{"self":[{"href":"https:\/\/gobutchers.com\/vi\/wp-json\/wp\/v2\/product\/3503","targetHints":{"allow":["GET"]}}],"collection":[{"href":"https:\/\/gobutchers.com\/vi\/wp-json\/wp\/v2\/product"}],"about":[{"href":"https:\/\/gobutchers.com\/vi\/wp-json\/wp\/v2\/types\/product"}],"wp:featuredmedia":[{"embeddable":true,"href":"https:\/\/gobutchers.com\/vi\/wp-json\/wp\/v2\/media\/3502"}],"wp:attachment":[{"href":"https:\/\/gobutchers.com\/vi\/wp-json\/wp\/v2\/media?parent=3503"}],"wp:term":[{"taxonomy":"product_brand","embeddable":true,"href":"https:\/\/gobutchers.com\/vi\/wp-json\/wp\/v2\/product_brand?post=3503"},{"taxonomy":"product_cat","embeddable":true,"href":"https:\/\/gobutchers.com\/vi\/wp-json\/wp\/v2\/product_cat?post=3503"},{"taxonomy":"product_tag","embeddable":true,"href":"https:\/\/gobutchers.com\/vi\/wp-json\/wp\/v2\/product_tag?post=3503"}],"curies":[{"name":"wp","href":"https:\/\/api.w.org\/{rel}","templated":true}]}}