{"id":3513,"date":"2019-09-28T19:40:11","date_gmt":"2019-09-28T19:40:11","guid":{"rendered":"https:\/\/gobutchers.com\/product\/lat-thit-chan-gio-truoc\/"},"modified":"2019-09-28T19:40:11","modified_gmt":"2019-09-28T19:40:11","slug":"lat-thit-chan-gio-truoc","status":"publish","type":"product","link":"https:\/\/gobutchers.com\/vi\/product\/lat-thit-chan-gio-truoc\/","title":{"rendered":"L\u00e1t th\u1ecbt ch\u00e2n gi\u00f2 tr\u01b0\u1edbc"},"content":{"rendered":"<p>L\u00e0 ph\u1ea7n th\u1ecbt \u0111\u01b0\u1ee3c x\u1ebb t\u1eeb b\u1eafp \u0111\u00f9i c\u1ee7a con b\u00f2, ch\u00e2n gi\u00f2 c\u1ee7a b\u00f2 th\u01b0\u1eddng dai v\u00e0 c\u00f3 nhi\u1ec1u m\u00f4 n\u1ed1i. N\u00f3 th\u01b0\u1eddng \u0111\u01b0\u1ee3c c\u1eaft l\u00e1t, v\u1edbi x\u01b0\u01a1ng \u1edf trung t\u00e2m, v\u00e0 v\u1edbi t\u1ee7y \u1edf ph\u1ea7n trung t\u00e2m c\u1ee7a x\u01b0\u01a1ng.<\/p>\n<div id=\"simple-translate\">\n<div>\n<div class=\"simple-translate-button \" style=\"background-image: url('moz-extension:\/\/618c6422-d008-3549-a264-d89f3ec8a894\/icons\/512.png'); height: 22px; width: 22px; top: 10px; left: 10px;\"><\/div>\n<div class=\"simple-translate-panel \" style=\"width: 300px; height: 200px; top: 0px; left: 0px; font-size: 13px; background-color: #ffffff;\">\n<div class=\"simple-translate-result-wrapper\" style=\"overflow: hidden;\">\n<p class=\"simple-translate-result\" style=\"color: #000000;\">\n<p class=\"simple-translate-candidate\" style=\"color: #737373;\">\n<\/div>\n<\/div>\n<\/div>\n<\/div>\n","protected":false},"excerpt":{"rendered":"<p>L\u00e0 ph\u1ea7n th\u1ecbt \u0111\u01b0\u1ee3c x\u1ebb t\u1eeb b\u1eafp \u0111\u00f9i c\u1ee7a con b\u00f2, ch\u00e2n gi\u00f2 c\u1ee7a b\u00f2 th\u01b0\u1eddng dai v\u00e0 c\u00f3 nhi\u1ec1u m\u00f4 n\u1ed1i. N\u00f3 th\u01b0\u1eddng \u0111\u01b0\u1ee3c c\u1eaft l\u00e1t, v\u1edbi x\u01b0\u01a1ng \u1edf trung t\u00e2m, v\u00e0 v\u1edbi t\u1ee7y \u1edf ph\u1ea7n trung t\u00e2m c\u1ee7a x\u01b0\u01a1ng.<\/p>\n<div id=\"simple-translate\">\n<div>\n<div class=\"simple-translate-button \" style=\"background-image: url('moz-extension:\/\/618c6422-d008-3549-a264-d89f3ec8a894\/icons\/512.png'); height: 22px; width: 22px; top: 10px; left: 10px;\"><\/div>\n<div class=\"simple-translate-panel \" style=\"width: 300px; height: 200px; top: 0px; left: 0px; font-size: 13px; background-color: #ffffff;\">\n<div class=\"simple-translate-result-wrapper\" style=\"overflow: hidden;\">\n<p class=\"simple-translate-result\" style=\"color: #000000;\">\n<p class=\"simple-translate-candidate\" style=\"color: #737373;\">\n<\/div>\n<\/div>\n<\/div>\n<\/div>\n","protected":false},"featured_media":3512,"template":"","meta":[],"product_brand":[],"product_cat":[103],"product_tag":[],"class_list":{"0":"post-3513","1":"product","2":"type-product","3":"status-publish","4":"has-post-thumbnail","6":"product_cat-thi-bo","8":"first","9":"instock","10":"shipping-taxable","11":"product-type-simple"},"_links":{"self":[{"href":"https:\/\/gobutchers.com\/vi\/wp-json\/wp\/v2\/product\/3513","targetHints":{"allow":["GET"]}}],"collection":[{"href":"https:\/\/gobutchers.com\/vi\/wp-json\/wp\/v2\/product"}],"about":[{"href":"https:\/\/gobutchers.com\/vi\/wp-json\/wp\/v2\/types\/product"}],"wp:featuredmedia":[{"embeddable":true,"href":"https:\/\/gobutchers.com\/vi\/wp-json\/wp\/v2\/media\/3512"}],"wp:attachment":[{"href":"https:\/\/gobutchers.com\/vi\/wp-json\/wp\/v2\/media?parent=3513"}],"wp:term":[{"taxonomy":"product_brand","embeddable":true,"href":"https:\/\/gobutchers.com\/vi\/wp-json\/wp\/v2\/product_brand?post=3513"},{"taxonomy":"product_cat","embeddable":true,"href":"https:\/\/gobutchers.com\/vi\/wp-json\/wp\/v2\/product_cat?post=3513"},{"taxonomy":"product_tag","embeddable":true,"href":"https:\/\/gobutchers.com\/vi\/wp-json\/wp\/v2\/product_tag?post=3513"}],"curies":[{"name":"wp","href":"https:\/\/api.w.org\/{rel}","templated":true}]}}