{"id":3529,"date":"2019-09-28T19:44:59","date_gmt":"2019-09-28T19:44:59","guid":{"rendered":"https:\/\/gobutchers.com\/product\/xuong-bo-co-tuy\/"},"modified":"2019-09-28T19:44:59","modified_gmt":"2019-09-28T19:44:59","slug":"xuong-bo-co-tuy","status":"publish","type":"product","link":"https:\/\/gobutchers.com\/vi\/product\/xuong-bo-co-tuy\/","title":{"rendered":"X\u01b0\u01a1ng b\u00f2 c\u00f3 t\u1ee7y"},"content":{"rendered":"<p>X\u01b0\u01a1ng b\u00f2 ho\u1eb7c x\u01b0\u01a1ng b\u00ea \u0111\u01b0\u1ee3c s\u1eed d\u1ee5ng trong n\u1ea5u \u0103n ch\u1ee7 y\u1ebfu do k\u00edch th\u01b0\u1edbc l\u1edbn c\u1ee7a ch\u00fang. X\u01b0\u01a1ng \u0111\u00f9i d\u00e0i v\u00e0 th\u1eb3ng \u0111\u01b0\u1ee3c s\u1eed d\u1ee5ng nhi\u1ec1u nh\u1ea5t v\u00ec ch\u00fang ch\u1ee9a nhi\u1ec1u t\u1ee7y nh\u1ea5t trong c\u00e1c lo\u1ea1i x\u01b0\u01a1ng c\u1eaft ra t\u1eeb b\u00f2.<\/p>\n<div id=\"simple-translate\">\n<div>\n<div class=\"simple-translate-button \" style=\"background-image: url('moz-extension:\/\/618c6422-d008-3549-a264-d89f3ec8a894\/icons\/512.png'); height: 22px; width: 22px; top: 10px; left: 10px;\"><\/div>\n<div class=\"simple-translate-panel \" style=\"width: 300px; height: 200px; top: 0px; left: 0px; font-size: 13px; background-color: #ffffff;\">\n<div class=\"simple-translate-result-wrapper\" style=\"overflow: hidden;\">\n<p class=\"simple-translate-result\" style=\"color: #000000;\">\n<p class=\"simple-translate-candidate\" style=\"color: #737373;\">\n<\/div>\n<\/div>\n<\/div>\n<\/div>\n","protected":false},"excerpt":{"rendered":"<p>X\u01b0\u01a1ng b\u00f2 ho\u1eb7c x\u01b0\u01a1ng b\u00ea \u0111\u01b0\u1ee3c s\u1eed d\u1ee5ng trong n\u1ea5u \u0103n ch\u1ee7 y\u1ebfu do k\u00edch th\u01b0\u1edbc l\u1edbn c\u1ee7a ch\u00fang. X\u01b0\u01a1ng \u0111\u00f9i d\u00e0i v\u00e0 th\u1eb3ng \u0111\u01b0\u1ee3c s\u1eed d\u1ee5ng nhi\u1ec1u nh\u1ea5t v\u00ec ch\u00fang ch\u1ee9a nhi\u1ec1u t\u1ee7y nh\u1ea5t trong c\u00e1c lo\u1ea1i x\u01b0\u01a1ng c\u1eaft ra t\u1eeb b\u00f2.<\/p>\n<div id=\"simple-translate\">\n<div>\n<div class=\"simple-translate-button \" style=\"background-image: url('moz-extension:\/\/618c6422-d008-3549-a264-d89f3ec8a894\/icons\/512.png'); height: 22px; width: 22px; top: 10px; left: 10px;\"><\/div>\n<div class=\"simple-translate-panel \" style=\"width: 300px; height: 200px; top: 0px; left: 0px; font-size: 13px; background-color: #ffffff;\">\n<div class=\"simple-translate-result-wrapper\" style=\"overflow: hidden;\">\n<p class=\"simple-translate-result\" style=\"color: #000000;\">\n<p class=\"simple-translate-candidate\" style=\"color: #737373;\">\n<\/div>\n<\/div>\n<\/div>\n<\/div>\n","protected":false},"featured_media":3528,"template":"","meta":[],"product_brand":[],"product_cat":[103],"product_tag":[],"class_list":{"0":"post-3529","1":"product","2":"type-product","3":"status-publish","4":"has-post-thumbnail","6":"product_cat-thi-bo","8":"first","9":"instock","10":"shipping-taxable","11":"product-type-simple"},"_links":{"self":[{"href":"https:\/\/gobutchers.com\/vi\/wp-json\/wp\/v2\/product\/3529","targetHints":{"allow":["GET"]}}],"collection":[{"href":"https:\/\/gobutchers.com\/vi\/wp-json\/wp\/v2\/product"}],"about":[{"href":"https:\/\/gobutchers.com\/vi\/wp-json\/wp\/v2\/types\/product"}],"wp:featuredmedia":[{"embeddable":true,"href":"https:\/\/gobutchers.com\/vi\/wp-json\/wp\/v2\/media\/3528"}],"wp:attachment":[{"href":"https:\/\/gobutchers.com\/vi\/wp-json\/wp\/v2\/media?parent=3529"}],"wp:term":[{"taxonomy":"product_brand","embeddable":true,"href":"https:\/\/gobutchers.com\/vi\/wp-json\/wp\/v2\/product_brand?post=3529"},{"taxonomy":"product_cat","embeddable":true,"href":"https:\/\/gobutchers.com\/vi\/wp-json\/wp\/v2\/product_cat?post=3529"},{"taxonomy":"product_tag","embeddable":true,"href":"https:\/\/gobutchers.com\/vi\/wp-json\/wp\/v2\/product_tag?post=3529"}],"curies":[{"name":"wp","href":"https:\/\/api.w.org\/{rel}","templated":true}]}}