{"id":3539,"date":"2019-09-28T19:48:17","date_gmt":"2019-09-28T19:48:17","guid":{"rendered":"https:\/\/gobutchers.com\/product\/tim-bo\/"},"modified":"2019-09-28T19:48:17","modified_gmt":"2019-09-28T19:48:17","slug":"tim-bo","status":"publish","type":"product","link":"https:\/\/gobutchers.com\/vi\/product\/tim-bo\/","title":{"rendered":"Tim b\u00f2"},"content":{"rendered":"<p>Th\u1ecbt tim b\u00f2 l\u00e0 c\u01a1 b\u1eafp \u0111\u01b0\u1ee3c c\u1eaft t\u1eeb th\u00e0nh tim. Tr\u00e1i tim b\u00f2 \u0111\u01b0\u1ee3c c\u1eaft ra bao g\u1ed3m th\u1ecbt, m\u1ea1ch m\u00e1u, v\u00e0 m\u1ee1.<\/p>\n<div id=\"simple-translate\">\n<div>\n<div class=\"simple-translate-button \" style=\"background-image: url('moz-extension:\/\/618c6422-d008-3549-a264-d89f3ec8a894\/icons\/512.png'); height: 22px; width: 22px; top: 10px; left: 10px;\"><\/div>\n<div class=\"simple-translate-panel \" style=\"width: 300px; height: 200px; top: 0px; left: 0px; font-size: 13px; background-color: #ffffff;\">\n<div class=\"simple-translate-result-wrapper\" style=\"overflow: hidden;\">\n<p class=\"simple-translate-result\" style=\"color: #000000;\">\n<p class=\"simple-translate-candidate\" style=\"color: #737373;\">\n<\/div>\n<\/div>\n<\/div>\n<\/div>\n","protected":false},"excerpt":{"rendered":"<p>Th\u1ecbt tim b\u00f2 l\u00e0 c\u01a1 b\u1eafp \u0111\u01b0\u1ee3c c\u1eaft t\u1eeb th\u00e0nh tim. Tr\u00e1i tim b\u00f2 \u0111\u01b0\u1ee3c c\u1eaft ra bao g\u1ed3m th\u1ecbt, m\u1ea1ch m\u00e1u, v\u00e0 m\u1ee1.<\/p>\n<div id=\"simple-translate\">\n<div>\n<div class=\"simple-translate-button \" style=\"background-image: url('moz-extension:\/\/618c6422-d008-3549-a264-d89f3ec8a894\/icons\/512.png'); height: 22px; width: 22px; top: 10px; left: 10px;\"><\/div>\n<div class=\"simple-translate-panel \" style=\"width: 300px; height: 200px; top: 0px; left: 0px; font-size: 13px; background-color: #ffffff;\">\n<div class=\"simple-translate-result-wrapper\" style=\"overflow: hidden;\">\n<p class=\"simple-translate-result\" style=\"color: #000000;\">\n<p class=\"simple-translate-candidate\" style=\"color: #737373;\">\n<\/div>\n<\/div>\n<\/div>\n<\/div>\n","protected":false},"featured_media":3538,"template":"","meta":[],"product_brand":[],"product_cat":[103],"product_tag":[],"class_list":{"0":"post-3539","1":"product","2":"type-product","3":"status-publish","4":"has-post-thumbnail","6":"product_cat-thi-bo","8":"first","9":"instock","10":"shipping-taxable","11":"product-type-simple"},"_links":{"self":[{"href":"https:\/\/gobutchers.com\/vi\/wp-json\/wp\/v2\/product\/3539","targetHints":{"allow":["GET"]}}],"collection":[{"href":"https:\/\/gobutchers.com\/vi\/wp-json\/wp\/v2\/product"}],"about":[{"href":"https:\/\/gobutchers.com\/vi\/wp-json\/wp\/v2\/types\/product"}],"wp:featuredmedia":[{"embeddable":true,"href":"https:\/\/gobutchers.com\/vi\/wp-json\/wp\/v2\/media\/3538"}],"wp:attachment":[{"href":"https:\/\/gobutchers.com\/vi\/wp-json\/wp\/v2\/media?parent=3539"}],"wp:term":[{"taxonomy":"product_brand","embeddable":true,"href":"https:\/\/gobutchers.com\/vi\/wp-json\/wp\/v2\/product_brand?post=3539"},{"taxonomy":"product_cat","embeddable":true,"href":"https:\/\/gobutchers.com\/vi\/wp-json\/wp\/v2\/product_cat?post=3539"},{"taxonomy":"product_tag","embeddable":true,"href":"https:\/\/gobutchers.com\/vi\/wp-json\/wp\/v2\/product_tag?post=3539"}],"curies":[{"name":"wp","href":"https:\/\/api.w.org\/{rel}","templated":true}]}}